{"id":4505,"date":"2018-03-23T16:09:06","date_gmt":"2018-03-23T15:09:06","guid":{"rendered":"http:\/\/www.popap.fr\/?page_id=4505"},"modified":"2018-03-23T16:44:33","modified_gmt":"2018-03-23T15:44:33","slug":"mentions-legales","status":"publish","type":"page","link":"https:\/\/www.popap.fr\/index.php\/mentions-legales\/","title":{"rendered":"Mentions l\u00e9gales"},"content":{"rendered":"<p style=\"text-align: center;\"><strong>MENTIONS L\u00c9GALES DU SITE<\/strong><\/p>\n<p style=\"text-align: center;\"><strong>Pop AP Conseil<\/strong><\/p>\n<p>Conform\u00e9ment aux dispositions des Articles 6-III et 19 de la Loi n\u00b02004-575 du 21 juin 2004 pour la Confiance dans l&rsquo;\u00e9conomie num\u00e9rique, dite L.C.E.N., il est port\u00e9 \u00e0 la connaissance des utilisateurs et visiteurs du site Pop AP Conseil les pr\u00e9sentes mentions l\u00e9gales.<\/p>\n<p>Le site Pop AP Conseil est accessible \u00e0 l&rsquo;adresse suivante : www.popap.fr (ci-apr\u00e8s \u00ab\u00a0le Site\u00a0\u00bb). L&rsquo;acc\u00e8s et l&rsquo;utilisation du Site sont soumis aux pr\u00e9sentes \u00a0\u00bb Mentions l\u00e9gales\u00a0\u00bb d\u00e9taill\u00e9es ci-apr\u00e8s ainsi qu&rsquo;aux lois et\/ou r\u00e8glements applicables.<\/p>\n<p>La connexion, l&rsquo;utilisation et l&rsquo;acc\u00e8s \u00e0 ce Site impliquent l&rsquo;acceptation int\u00e9grale et sans r\u00e9serve de l&rsquo;internaute de toutes les dispositions des pr\u00e9sentes Mentions L\u00e9gales.<\/p>\n<p><strong><br \/>\nARTICLE 1 &#8211; INFORMATIONS L\u00c9GALES<\/strong><\/p>\n<p>En vertu de l&rsquo;Article 6 de la Loi n\u00b0 2004-575 du 21 juin 2004 pour la confiance dans l&rsquo;\u00e9conomie num\u00e9rique, il est pr\u00e9cis\u00e9 dans cet article l&rsquo;identit\u00e9 des diff\u00e9rents intervenants dans le cadre de sa r\u00e9alisation et de son suivi.<\/p>\n<p>Le site Pop AP Conseil est \u00e9dit\u00e9 par :<\/p>\n<p><strong>Andrea P\u00e9coul<\/strong><\/p>\n<p>ayant son si\u00e8ge social \u00e0 l&rsquo;adresse suivante : 3 villa Clotilde93400 Saint Ouen, et immatricul\u00e9e au num\u00e9ro suivant :81200741700015.<\/p>\n<p>T\u00e9l\u00e9phone : 0613607409<\/p>\n<p>Adresse e-mail : andrea@popap.fr<\/p>\n<p>ci apr\u00e8s \u00a0\u00bb l&rsquo;\u00c9diteur \u00a0\u00bb<\/p>\n<p>Le Directeur de publication est :<\/p>\n<p><strong>Andrea P\u00e9coul<\/strong><\/p>\n<p>Adresse e-mail de contact : andrea@popap.fr<\/p>\n<p>ci apr\u00e8s \u00a0\u00bb le Directeur de publication \u00a0\u00bb<\/p>\n<p>Le site Pop AP Conseil est h\u00e9berg\u00e9 par :<\/p>\n<p><strong>OVH<\/strong><\/p>\n<p>dont le si\u00e8ge est situ\u00e9 \u00e0 l&rsquo;adresse suivante : 2 rue Kellermann BP 80157 59100 Roubaix<\/p>\n<p>T\u00e9l\u00e9phone : +33 9 72 10 10 07<\/p>\n<p>Adresse e-mail : support@ovh.com<\/p>\n<p>ci apr\u00e8s \u00a0\u00bb l&rsquo;H\u00e9bergeur \u00a0\u00bb<\/p>\n<p>Sont consid\u00e9r\u00e9s comme utilisateurs tout les internautes qui naviguent, lisent, visionnent et utilisent le site Pop AP Conseil.<\/p>\n<p>ci apr\u00e8s les \u00a0\u00bb Utilisateurs \u00a0\u00bb<\/p>\n<p><strong><br \/>\nARTICLE 2 &#8211; ACCESSIBILIT\u00c9<\/strong><\/p>\n<p>Le Site est par principe accessible aux utilisateurs 24\/24h et 7\/7j, sauf interruption, programm\u00e9e ou non, pour des besoins de maintenance ou en cas de force majeure.<\/p>\n<p>En cas d&rsquo;impossibilit\u00e9 d&rsquo;acc\u00e8s au Site, celui-ci s&rsquo;engage \u00e0 faire son maximum afin d&rsquo;en r\u00e9tablir l&rsquo;acc\u00e8s. Le Site ne saurait \u00eatre tenu pour responsable de tout dommage, quelle qu&rsquo;en soit la nature, r\u00e9sultant de son indisponibilit\u00e9.<\/p>\n<p><strong><br \/>\nARTICLE 3 &#8211; COLLECTE DE DONN\u00c9ES ET LOI INFORMATIQUE ET LIBERT\u00c9S<\/strong><\/p>\n<p>Ce site est conforme aux dispositions de la Loi 78-17 du 6 janvier 1978 relative \u00e0 l&rsquo;informatique, aux fichiers et aux libert\u00e9s. En vertu de celle-ci l&rsquo;Utilisateur b\u00e9n\u00e9ficie notamment d&rsquo;un droit d&rsquo;opposition (art. 32 et 38), d&rsquo;acc\u00e8s (art. 38 et 39) et de rectification (art. 40) des donn\u00e9es le concernant.<\/p>\n<p>Pour faire usage de celui-ci, l&rsquo;Utilisateur doit s&rsquo;adresser \u00e0 l&rsquo;\u00c9diteur en le contactant \u00e0 l&rsquo;adresse suivante : andrea@popap.fr, ou par courrier adress\u00e9 au si\u00e8ge social de l&rsquo;\u00c9diteur en pr\u00e9cisant ses nom, pr\u00e9nom(s), adresse et adresse(s) e-mail.<\/p>\n<p><strong><br \/>\nARTICLE 4 &#8211; LOI APPLICABLE ET JURIDICTION<\/strong><\/p>\n<p>Les pr\u00e9sentes Mentions L\u00e9gales sont r\u00e9gies par la loi fran\u00e7aise. En cas de diff\u00e9rend et \u00e0 d\u00e9faut d&rsquo;accord amiable, le litige sera port\u00e9 devant les tribunaux fran\u00e7ais conform\u00e9ment aux r\u00e8gles de comp\u00e9tence en vigueur.<\/p>\n<p><strong>\u00a0<\/strong><strong><br \/>\nARTICLE 5 &#8211; CONTACT<\/strong><\/p>\n<p>Pour tout signalement de contenus ou d&rsquo;activit\u00e9s illicites, l&rsquo;Utilisateur peut contacter l&rsquo;\u00c9diteur \u00e0 l&rsquo;adresse suivante : andrea@popap.fr, ou par courrier recommand\u00e9 avec accus\u00e9 de r\u00e9ception adress\u00e9 \u00e0 l&rsquo;\u00c9diteur aux coordonn\u00e9es pr\u00e9cis\u00e9es dans les pr\u00e9sentes mentions l\u00e9gales.<\/p>\n<p>Le site Pop AP Conseil vous souhaite une excellente navigation !<\/p>\n<p>&nbsp;<\/p>\n","protected":false},"excerpt":{"rendered":"<p>MENTIONS L\u00c9GALES DU SITE Pop AP Conseil Conform\u00e9ment aux dispositions des Articles 6-III et 19 de la Loi n\u00b02004-575 du 21 juin 2004 pour la Confiance dans l&rsquo;\u00e9conomie num\u00e9rique, dite L.C.E.N., il est port\u00e9 \u00e0 la connaissance des utilisateurs et visiteurs du site Pop AP Conseil les pr\u00e9sentes mentions l\u00e9gales. Le site Pop AP Conseil [&hellip;]<\/p>\n","protected":false},"author":1,"featured_media":0,"parent":0,"menu_order":0,"comment_status":"closed","ping_status":"closed","template":"","meta":[],"yoast_head":"<!-- This site is optimized with the Yoast SEO plugin v15.3 - https:\/\/yoast.com\/wordpress\/plugins\/seo\/ -->\n<title>Mentions l\u00e9gales - POP AP<\/title>\n<meta name=\"robots\" content=\"index, follow, max-snippet:-1, max-image-preview:large, max-video-preview:-1\" \/>\n<link rel=\"canonical\" href=\"https:\/\/www.popap.fr\/index.php\/mentions-legales\/\" \/>\n<meta property=\"og:locale\" content=\"fr_FR\" \/>\n<meta property=\"og:type\" content=\"article\" \/>\n<meta property=\"og:title\" content=\"Mentions l\u00e9gales - POP AP\" \/>\n<meta property=\"og:description\" content=\"MENTIONS L\u00c9GALES DU SITE Pop AP Conseil Conform\u00e9ment aux dispositions des Articles 6-III et 19 de la Loi n\u00b02004-575 du 21 juin 2004 pour la Confiance dans l&rsquo;\u00e9conomie num\u00e9rique, dite L.C.E.N., il est port\u00e9 \u00e0 la connaissance des utilisateurs et visiteurs du site Pop AP Conseil les pr\u00e9sentes mentions l\u00e9gales. Le site Pop AP Conseil [&hellip;]\" \/>\n<meta property=\"og:url\" content=\"https:\/\/www.popap.fr\/index.php\/mentions-legales\/\" \/>\n<meta property=\"og:site_name\" content=\"POP AP\" \/>\n<meta property=\"article:modified_time\" content=\"2018-03-23T15:44:33+00:00\" \/>\n<meta name=\"twitter:card\" content=\"summary_large_image\" \/>\n<meta name=\"twitter:label1\" content=\"\u00c9crit par\">\n\t<meta name=\"twitter:data1\" content=\"andrea\">\n\t<meta name=\"twitter:label2\" content=\"Dur\u00e9e de lecture est.\">\n\t<meta name=\"twitter:data2\" content=\"2 minutes\">\n<script type=\"application\/ld+json\" class=\"yoast-schema-graph\">{\"@context\":\"https:\/\/schema.org\",\"@graph\":[{\"@type\":[\"Person\",\"Organization\"],\"@id\":\"https:\/\/www.popap.fr\/#\/schema\/person\/1b35b44cefd7538c5b9431ffd77241a1\",\"name\":\"andrea\",\"image\":{\"@type\":\"ImageObject\",\"@id\":\"https:\/\/www.popap.fr\/#personlogo\",\"inLanguage\":\"fr-FR\",\"url\":\"https:\/\/secure.gravatar.com\/avatar\/7488f28436650bb7e4fa5a5dd33df135?s=96&d=mm&r=g\",\"caption\":\"andrea\"},\"logo\":{\"@id\":\"https:\/\/www.popap.fr\/#personlogo\"}},{\"@type\":\"WebSite\",\"@id\":\"https:\/\/www.popap.fr\/#website\",\"url\":\"https:\/\/www.popap.fr\/\",\"name\":\"POP AP\",\"description\":\"Conseil en marketing et d\\u00e9veloppement pour Petites Entreprises\",\"publisher\":{\"@id\":\"https:\/\/www.popap.fr\/#\/schema\/person\/1b35b44cefd7538c5b9431ffd77241a1\"},\"potentialAction\":[{\"@type\":\"SearchAction\",\"target\":\"https:\/\/www.popap.fr\/?s={search_term_string}\",\"query-input\":\"required name=search_term_string\"}],\"inLanguage\":\"fr-FR\"},{\"@type\":\"WebPage\",\"@id\":\"https:\/\/www.popap.fr\/index.php\/mentions-legales\/#webpage\",\"url\":\"https:\/\/www.popap.fr\/index.php\/mentions-legales\/\",\"name\":\"Mentions l\\u00e9gales - POP AP\",\"isPartOf\":{\"@id\":\"https:\/\/www.popap.fr\/#website\"},\"datePublished\":\"2018-03-23T15:09:06+00:00\",\"dateModified\":\"2018-03-23T15:44:33+00:00\",\"inLanguage\":\"fr-FR\",\"potentialAction\":[{\"@type\":\"ReadAction\",\"target\":[\"https:\/\/www.popap.fr\/index.php\/mentions-legales\/\"]}]}]}<\/script>\n<!-- \/ Yoast SEO plugin. -->","_links":{"self":[{"href":"https:\/\/www.popap.fr\/index.php\/wp-json\/wp\/v2\/pages\/4505"}],"collection":[{"href":"https:\/\/www.popap.fr\/index.php\/wp-json\/wp\/v2\/pages"}],"about":[{"href":"https:\/\/www.popap.fr\/index.php\/wp-json\/wp\/v2\/types\/page"}],"author":[{"embeddable":true,"href":"https:\/\/www.popap.fr\/index.php\/wp-json\/wp\/v2\/users\/1"}],"replies":[{"embeddable":true,"href":"https:\/\/www.popap.fr\/index.php\/wp-json\/wp\/v2\/comments?post=4505"}],"version-history":[{"count":1,"href":"https:\/\/www.popap.fr\/index.php\/wp-json\/wp\/v2\/pages\/4505\/revisions"}],"predecessor-version":[{"id":4506,"href":"https:\/\/www.popap.fr\/index.php\/wp-json\/wp\/v2\/pages\/4505\/revisions\/4506"}],"wp:attachment":[{"href":"https:\/\/www.popap.fr\/index.php\/wp-json\/wp\/v2\/media?parent=4505"}],"curies":[{"name":"wp","href":"https:\/\/api.w.org\/{rel}","templated":true}]}}