{"id":4479,"date":"2018-02-25T10:52:36","date_gmt":"2018-02-25T09:52:36","guid":{"rendered":"http:\/\/www.popap.fr\/?page_id=4479"},"modified":"2018-03-01T23:55:14","modified_gmt":"2018-03-01T22:55:14","slug":"business-model-business-plan","status":"publish","type":"page","link":"https:\/\/www.popap.fr\/index.php\/business-model-business-plan\/","title":{"rendered":"BUSINESS MODEL &#038; BUSINESS PLAN"},"content":{"rendered":"<header class=\"entry-content-header\">\n<h2 class=\"post-title entry-title\"><span style=\"color: #33cccc;\">BUSINESS MODEL &amp; BUSINESS PLAN<\/span><\/h2>\n<header class=\"entry-content-header\">Vous \u00eates nombreux \u00e0 me demander : mais quelle diff\u00e9rence entre Business model et Business Plan ?<\/header>\n<p>Le\u00a0<span style=\"color: #33cccc;\"><strong>BUSINESS MODEL<\/strong><\/span>\u00a0(ou Mod\u00e8le \u00e9conomique) est un document d\u2019une page qui d\u00e9crit le concept de votre entreprise, celui qui explique comment vous gagnez de l\u2019argent (cr\u00e9ation de valeur, pour qui, comment on l\u2019exploite). C\u2019est le fruit d\u2019un travail de r\u00e9flexion, de diagnostic et de synth\u00e8se pour toute entreprise. Sans \u00e7a, vous aurez du mal \u00e0 pitcher et \u00e0 communiquer.<\/p>\n<p>Le<strong>\u00a0<span style=\"color: #33cccc;\">BUSINESS PLA<\/span><\/strong><span class=\"text_exposed_show\"><span style=\"color: #33cccc;\"><strong>N<\/strong><\/span>\u00a0est un document d\u2019une trentaine de pages. Vous en aurez besoin pour la pr\u00e9sentation \u00e0 vos financeurs. C\u2019est la traduction concr\u00e8te, op\u00e9rationnelle et chiffr\u00e9e du Business model, avec un plan strat\u00e9gique, la vision du dirigeant, un bilan, un compte de r\u00e9sultat, un plan de financement, et le tout sur 3-5-10 ans.<\/span><\/p>\n<div class=\"text_exposed_show\">\n<p>Il se peut que les financeurs ne lisent pas tous les d\u00e9tails de votre Business plan \u2013 mais ils vous demanderont \u00e0 les leur pr\u00e9senter \u00e0 l\u2019oral, devant un jury !!!<\/p>\n<p>Pop AP vous accompagne pour y voir plus clair !!!\u00a0<a href=\"https:\/\/l.facebook.com\/l.php?u=http%3A%2F%2Fwww.popap.fr%2F&amp;h=ATPJkuYYahWM139iF6lnR3wb7-OY2LLZNPgZdZLQ4fRLNbECiyhRp_X4yOZWGv75eKiEqb9jTA_ooYiE1jHAIxLsFpHc62Y_qWJiWaFw62uZ7cIDcbVt5bYGI0rkasj2nJGvdQ\" target=\"_blank\" rel=\"noopener nofollow\" data-ft=\"{\" data-lynx-mode=\"asynclazy\">www.popap.fr<\/a>andrea@popap.fr ou 06 13 60 74 09<\/p>\n<\/div>\n<\/header>\n<div class=\"text_exposed_show\">\n<p>&nbsp;<\/p>\n<p><img loading=\"lazy\" class=\"aligncenter size-full wp-image-4472\" src=\"http:\/\/www.popap.fr\/wp-content\/uploads\/2017\/05\/Business-model-vs-Business-plan.jpg\" alt=\"\" width=\"960\" height=\"540\" srcset=\"https:\/\/www.popap.fr\/wp-content\/uploads\/2017\/05\/Business-model-vs-Business-plan.jpg 960w, https:\/\/www.popap.fr\/wp-content\/uploads\/2017\/05\/Business-model-vs-Business-plan-300x169.jpg 300w, https:\/\/www.popap.fr\/wp-content\/uploads\/2017\/05\/Business-model-vs-Business-plan-768x432.jpg 768w, https:\/\/www.popap.fr\/wp-content\/uploads\/2017\/05\/Business-model-vs-Business-plan-705x397.jpg 705w, https:\/\/www.popap.fr\/wp-content\/uploads\/2017\/05\/Business-model-vs-Business-plan-450x253.jpg 450w\" sizes=\"(max-width: 960px) 100vw, 960px\" \/><\/p>\n<\/div>\n","protected":false},"excerpt":{"rendered":"<p>BUSINESS MODEL &amp; BUSINESS PLAN Vous \u00eates nombreux \u00e0 me demander : mais quelle diff\u00e9rence entre Business model et Business Plan ? Le\u00a0BUSINESS MODEL\u00a0(ou Mod\u00e8le \u00e9conomique) est un document d\u2019une page qui d\u00e9crit le concept de votre entreprise, celui qui explique comment vous gagnez de l\u2019argent (cr\u00e9ation de valeur, pour qui, comment on l\u2019exploite). C\u2019est [&hellip;]<\/p>\n","protected":false},"author":1,"featured_media":0,"parent":0,"menu_order":0,"comment_status":"closed","ping_status":"closed","template":"","meta":[],"yoast_head":"<!-- This site is optimized with the Yoast SEO plugin v15.3 - https:\/\/yoast.com\/wordpress\/plugins\/seo\/ -->\n<title>BUSINESS MODEL &amp; BUSINESS PLAN - POP AP<\/title>\n<meta name=\"robots\" content=\"index, follow, max-snippet:-1, max-image-preview:large, max-video-preview:-1\" \/>\n<link rel=\"canonical\" href=\"https:\/\/www.popap.fr\/index.php\/business-model-business-plan\/\" \/>\n<meta property=\"og:locale\" content=\"fr_FR\" \/>\n<meta property=\"og:type\" content=\"article\" \/>\n<meta property=\"og:title\" content=\"BUSINESS MODEL &amp; BUSINESS PLAN - POP AP\" \/>\n<meta property=\"og:description\" content=\"BUSINESS MODEL &amp; BUSINESS PLAN Vous \u00eates nombreux \u00e0 me demander : mais quelle diff\u00e9rence entre Business model et Business Plan ? Le\u00a0BUSINESS MODEL\u00a0(ou Mod\u00e8le \u00e9conomique) est un document d\u2019une page qui d\u00e9crit le concept de votre entreprise, celui qui explique comment vous gagnez de l\u2019argent (cr\u00e9ation de valeur, pour qui, comment on l\u2019exploite). C\u2019est [&hellip;]\" \/>\n<meta property=\"og:url\" content=\"https:\/\/www.popap.fr\/index.php\/business-model-business-plan\/\" \/>\n<meta property=\"og:site_name\" content=\"POP AP\" \/>\n<meta property=\"article:modified_time\" content=\"2018-03-01T22:55:14+00:00\" \/>\n<meta property=\"og:image\" content=\"http:\/\/www.popap.fr\/wp-content\/uploads\/2017\/05\/Business-model-vs-Business-plan.jpg\" \/>\n<meta name=\"twitter:card\" content=\"summary_large_image\" \/>\n<meta name=\"twitter:label1\" content=\"\u00c9crit par\">\n\t<meta name=\"twitter:data1\" content=\"andrea\">\n\t<meta name=\"twitter:label2\" content=\"Dur\u00e9e de lecture est.\">\n\t<meta name=\"twitter:data2\" content=\"1 minute\">\n<script type=\"application\/ld+json\" class=\"yoast-schema-graph\">{\"@context\":\"https:\/\/schema.org\",\"@graph\":[{\"@type\":[\"Person\",\"Organization\"],\"@id\":\"https:\/\/www.popap.fr\/#\/schema\/person\/1b35b44cefd7538c5b9431ffd77241a1\",\"name\":\"andrea\",\"image\":{\"@type\":\"ImageObject\",\"@id\":\"https:\/\/www.popap.fr\/#personlogo\",\"inLanguage\":\"fr-FR\",\"url\":\"https:\/\/secure.gravatar.com\/avatar\/7488f28436650bb7e4fa5a5dd33df135?s=96&d=mm&r=g\",\"caption\":\"andrea\"},\"logo\":{\"@id\":\"https:\/\/www.popap.fr\/#personlogo\"}},{\"@type\":\"WebSite\",\"@id\":\"https:\/\/www.popap.fr\/#website\",\"url\":\"https:\/\/www.popap.fr\/\",\"name\":\"POP AP\",\"description\":\"Conseil en marketing et d\\u00e9veloppement pour Petites Entreprises\",\"publisher\":{\"@id\":\"https:\/\/www.popap.fr\/#\/schema\/person\/1b35b44cefd7538c5b9431ffd77241a1\"},\"potentialAction\":[{\"@type\":\"SearchAction\",\"target\":\"https:\/\/www.popap.fr\/?s={search_term_string}\",\"query-input\":\"required name=search_term_string\"}],\"inLanguage\":\"fr-FR\"},{\"@type\":\"ImageObject\",\"@id\":\"https:\/\/www.popap.fr\/index.php\/business-model-business-plan\/#primaryimage\",\"inLanguage\":\"fr-FR\",\"url\":\"http:\/\/www.popap.fr\/wp-content\/uploads\/2017\/05\/Business-model-vs-Business-plan.jpg\"},{\"@type\":\"WebPage\",\"@id\":\"https:\/\/www.popap.fr\/index.php\/business-model-business-plan\/#webpage\",\"url\":\"https:\/\/www.popap.fr\/index.php\/business-model-business-plan\/\",\"name\":\"BUSINESS MODEL & BUSINESS PLAN - POP AP\",\"isPartOf\":{\"@id\":\"https:\/\/www.popap.fr\/#website\"},\"primaryImageOfPage\":{\"@id\":\"https:\/\/www.popap.fr\/index.php\/business-model-business-plan\/#primaryimage\"},\"datePublished\":\"2018-02-25T09:52:36+00:00\",\"dateModified\":\"2018-03-01T22:55:14+00:00\",\"inLanguage\":\"fr-FR\",\"potentialAction\":[{\"@type\":\"ReadAction\",\"target\":[\"https:\/\/www.popap.fr\/index.php\/business-model-business-plan\/\"]}]}]}<\/script>\n<!-- \/ Yoast SEO plugin. -->","_links":{"self":[{"href":"https:\/\/www.popap.fr\/index.php\/wp-json\/wp\/v2\/pages\/4479"}],"collection":[{"href":"https:\/\/www.popap.fr\/index.php\/wp-json\/wp\/v2\/pages"}],"about":[{"href":"https:\/\/www.popap.fr\/index.php\/wp-json\/wp\/v2\/types\/page"}],"author":[{"embeddable":true,"href":"https:\/\/www.popap.fr\/index.php\/wp-json\/wp\/v2\/users\/1"}],"replies":[{"embeddable":true,"href":"https:\/\/www.popap.fr\/index.php\/wp-json\/wp\/v2\/comments?post=4479"}],"version-history":[{"count":4,"href":"https:\/\/www.popap.fr\/index.php\/wp-json\/wp\/v2\/pages\/4479\/revisions"}],"predecessor-version":[{"id":4484,"href":"https:\/\/www.popap.fr\/index.php\/wp-json\/wp\/v2\/pages\/4479\/revisions\/4484"}],"wp:attachment":[{"href":"https:\/\/www.popap.fr\/index.php\/wp-json\/wp\/v2\/media?parent=4479"}],"curies":[{"name":"wp","href":"https:\/\/api.w.org\/{rel}","templated":true}]}}