{"id":4035,"date":"2017-11-24T00:27:24","date_gmt":"2017-11-23T23:27:24","guid":{"rendered":"http:\/\/www.popap.fr\/?page_id=4035"},"modified":"2017-11-24T00:28:01","modified_gmt":"2017-11-23T23:28:01","slug":"flexibilite-disponibilite-prix","status":"publish","type":"page","link":"https:\/\/www.popap.fr\/index.php\/flexibilite-disponibilite-prix\/","title":{"rendered":"FLEXIBILIT\u00c9, DISPONIBILIT\u00c9, PRIX"},"content":{"rendered":"<p><span style=\"color: #808080;\">\u2026font\u00a0partis de nos points forts.\u00a0S\u2019adresser \u00e0 des petites entreprises, d\u00e9laiss\u00e9es par des grands cabinets de conseil existants, signifie\u00a0s\u2019adapter \u00e0 leur fonctionnement, \u00e0 la disponibilit\u00e9 de l\u2019entrepreneur tr\u00e8s souvent sollicit\u00e9 (nous sommes facilement joignables et tr\u00e8s r\u00e9actifs), et \u00e0 des contraintes financi\u00e8res peu extensibles (nous sommes arm\u00e9s pour vous trouver\u00a0des solutions astucieuses, efficaces et pas forc\u00e9ment co\u00fbteuses).<\/span><\/p>\n","protected":false},"excerpt":{"rendered":"<p>\u2026font\u00a0partis de nos points forts.\u00a0S\u2019adresser \u00e0 des petites entreprises, d\u00e9laiss\u00e9es par des grands cabinets de conseil existants, signifie\u00a0s\u2019adapter \u00e0 leur fonctionnement, \u00e0 la disponibilit\u00e9 de l\u2019entrepreneur tr\u00e8s souvent sollicit\u00e9 (nous sommes facilement joignables et tr\u00e8s r\u00e9actifs), et \u00e0 des contraintes financi\u00e8res peu extensibles (nous sommes arm\u00e9s pour vous trouver\u00a0des solutions astucieuses, efficaces et pas forc\u00e9ment [&hellip;]<\/p>\n","protected":false},"author":1,"featured_media":0,"parent":0,"menu_order":0,"comment_status":"closed","ping_status":"closed","template":"","meta":[],"yoast_head":"<!-- This site is optimized with the Yoast SEO plugin v15.3 - https:\/\/yoast.com\/wordpress\/plugins\/seo\/ -->\n<title>FLEXIBILIT\u00c9, DISPONIBILIT\u00c9, PRIX - POP AP<\/title>\n<meta name=\"robots\" content=\"index, follow, max-snippet:-1, max-image-preview:large, max-video-preview:-1\" \/>\n<link rel=\"canonical\" href=\"https:\/\/www.popap.fr\/index.php\/flexibilite-disponibilite-prix\/\" \/>\n<meta property=\"og:locale\" content=\"fr_FR\" \/>\n<meta property=\"og:type\" content=\"article\" \/>\n<meta property=\"og:title\" content=\"FLEXIBILIT\u00c9, DISPONIBILIT\u00c9, PRIX - POP AP\" \/>\n<meta property=\"og:description\" content=\"\u2026font\u00a0partis de nos points forts.\u00a0S\u2019adresser \u00e0 des petites entreprises, d\u00e9laiss\u00e9es par des grands cabinets de conseil existants, signifie\u00a0s\u2019adapter \u00e0 leur fonctionnement, \u00e0 la disponibilit\u00e9 de l\u2019entrepreneur tr\u00e8s souvent sollicit\u00e9 (nous sommes facilement joignables et tr\u00e8s r\u00e9actifs), et \u00e0 des contraintes financi\u00e8res peu extensibles (nous sommes arm\u00e9s pour vous trouver\u00a0des solutions astucieuses, efficaces et pas forc\u00e9ment [&hellip;]\" \/>\n<meta property=\"og:url\" content=\"https:\/\/www.popap.fr\/index.php\/flexibilite-disponibilite-prix\/\" \/>\n<meta property=\"og:site_name\" content=\"POP AP\" \/>\n<meta property=\"article:modified_time\" content=\"2017-11-23T23:28:01+00:00\" \/>\n<meta name=\"twitter:card\" content=\"summary_large_image\" \/>\n<meta name=\"twitter:label1\" content=\"\u00c9crit par\">\n\t<meta name=\"twitter:data1\" content=\"andrea\">\n\t<meta name=\"twitter:label2\" content=\"Dur\u00e9e de lecture est.\">\n\t<meta name=\"twitter:data2\" content=\"0 minute\">\n<script type=\"application\/ld+json\" class=\"yoast-schema-graph\">{\"@context\":\"https:\/\/schema.org\",\"@graph\":[{\"@type\":[\"Person\",\"Organization\"],\"@id\":\"https:\/\/www.popap.fr\/#\/schema\/person\/1b35b44cefd7538c5b9431ffd77241a1\",\"name\":\"andrea\",\"image\":{\"@type\":\"ImageObject\",\"@id\":\"https:\/\/www.popap.fr\/#personlogo\",\"inLanguage\":\"fr-FR\",\"url\":\"https:\/\/secure.gravatar.com\/avatar\/7488f28436650bb7e4fa5a5dd33df135?s=96&d=mm&r=g\",\"caption\":\"andrea\"},\"logo\":{\"@id\":\"https:\/\/www.popap.fr\/#personlogo\"}},{\"@type\":\"WebSite\",\"@id\":\"https:\/\/www.popap.fr\/#website\",\"url\":\"https:\/\/www.popap.fr\/\",\"name\":\"POP AP\",\"description\":\"Conseil en marketing et d\\u00e9veloppement pour Petites Entreprises\",\"publisher\":{\"@id\":\"https:\/\/www.popap.fr\/#\/schema\/person\/1b35b44cefd7538c5b9431ffd77241a1\"},\"potentialAction\":[{\"@type\":\"SearchAction\",\"target\":\"https:\/\/www.popap.fr\/?s={search_term_string}\",\"query-input\":\"required name=search_term_string\"}],\"inLanguage\":\"fr-FR\"},{\"@type\":\"WebPage\",\"@id\":\"https:\/\/www.popap.fr\/index.php\/flexibilite-disponibilite-prix\/#webpage\",\"url\":\"https:\/\/www.popap.fr\/index.php\/flexibilite-disponibilite-prix\/\",\"name\":\"FLEXIBILIT\\u00c9, DISPONIBILIT\\u00c9, PRIX - POP AP\",\"isPartOf\":{\"@id\":\"https:\/\/www.popap.fr\/#website\"},\"datePublished\":\"2017-11-23T23:27:24+00:00\",\"dateModified\":\"2017-11-23T23:28:01+00:00\",\"inLanguage\":\"fr-FR\",\"potentialAction\":[{\"@type\":\"ReadAction\",\"target\":[\"https:\/\/www.popap.fr\/index.php\/flexibilite-disponibilite-prix\/\"]}]}]}<\/script>\n<!-- \/ Yoast SEO plugin. -->","_links":{"self":[{"href":"https:\/\/www.popap.fr\/index.php\/wp-json\/wp\/v2\/pages\/4035"}],"collection":[{"href":"https:\/\/www.popap.fr\/index.php\/wp-json\/wp\/v2\/pages"}],"about":[{"href":"https:\/\/www.popap.fr\/index.php\/wp-json\/wp\/v2\/types\/page"}],"author":[{"embeddable":true,"href":"https:\/\/www.popap.fr\/index.php\/wp-json\/wp\/v2\/users\/1"}],"replies":[{"embeddable":true,"href":"https:\/\/www.popap.fr\/index.php\/wp-json\/wp\/v2\/comments?post=4035"}],"version-history":[{"count":1,"href":"https:\/\/www.popap.fr\/index.php\/wp-json\/wp\/v2\/pages\/4035\/revisions"}],"predecessor-version":[{"id":4036,"href":"https:\/\/www.popap.fr\/index.php\/wp-json\/wp\/v2\/pages\/4035\/revisions\/4036"}],"wp:attachment":[{"href":"https:\/\/www.popap.fr\/index.php\/wp-json\/wp\/v2\/media?parent=4035"}],"curies":[{"name":"wp","href":"https:\/\/api.w.org\/{rel}","templated":true}]}}