{"id":3645,"date":"2017-11-17T10:05:26","date_gmt":"2017-11-17T09:05:26","guid":{"rendered":"http:\/\/www.popap.fr\/?page_id=3645"},"modified":"2017-11-24T01:29:16","modified_gmt":"2017-11-24T00:29:16","slug":"accompagnement-a-des-rdv-professionnels","status":"publish","type":"page","link":"https:\/\/www.popap.fr\/index.php\/accompagnement-a-des-rdv-professionnels\/","title":{"rendered":"ACCOMPAGNEMENT AUX RDV PROFESSIONNELS"},"content":{"rendered":"<div style='padding-bottom:20px;font-size:40px;' class='av-special-heading av-special-heading-h2  blockquote modern-quote   av-inherit-size'><h2 class='av-special-heading-tag'  itemprop=\"headline\"  >SERVICE + FEMMES ENTREPRENEURS<\/h2><div class='special-heading-border'><div class='special-heading-inner-border' ><\/div><\/div><\/div>\n<section class=\"av_textblock_section\"  itemscope=\"itemscope\" itemtype=\"https:\/\/schema.org\/CreativeWork\" ><div class='avia_textblock  av_inherit_color'   itemprop=\"text\" ><h1><span style=\"color: #e22006;\"><strong>ACCOMPAGNEMENT AUX RDV PROFESSIONNELS<\/strong><\/span><\/h1>\n<p><span style=\"color: #e22006;\"><strong>NOUS ACCOMPAGNONS LES FEMMES ENTREPRENEURS A DES RDV PROFESSIONNELS AVEC DES EXPERTS COMPTABLES, DES FINANCEURS ET DES BANQUES<\/strong><\/span><\/p>\n<p><span style=\"color: #808080;\"><strong>Convaincre son interlocuteur<\/strong>\u00a0du potentiel de son entreprise \u00e0 travers l\u2019analyse du bilan, son pr\u00e9visionnel et sa strat\u00e9gie de moyen et long terme, demande une\u00a0<strong>ma\u00eetrise des arguments concrets et document\u00e9s<\/strong>face \u00e0 tous les d\u00e9fis pos\u00e9s par ces professionnels.\u00a0<strong>R\u00e9ussir \u00e0 obtenir des conseils constructifs et des financements ad\u00e9quats<\/strong>\u00a0\u00e0 son projet se d\u00e9cide lors des RDV courts. <span style=\"color: #e22006;\">Faire appel \u00e0 une sp\u00e9cialiste comme Pop AP pour les accompagner leur donne toute la chance de r\u00e9ussir dans leurs projets.<\/span><\/span><\/p>\n<\/div><\/section>\n<div class='avia-button-wrap avia-button-center '><a href='https:\/\/www.popap.fr\/index.php\/contact\/' class='avia-button  avia-icon_select-yes-left-icon avia-color-custom avia-size-x-large avia-position-center '  target=\"_blank\"  style='background-color:#e22006; border-color:#e22006; color:#ffffff; ' ><span class='avia_button_icon avia_button_icon_left ' aria-hidden='true' data-av_icon='\ue81f' data-av_iconfont='entypo-fontello'><\/span><span class='avia_iconbox_title' >CONTACTEZ-NOUS<\/span><\/a><\/div>\n","protected":false},"excerpt":{"rendered":"","protected":false},"author":1,"featured_media":0,"parent":0,"menu_order":0,"comment_status":"closed","ping_status":"closed","template":"","meta":[],"yoast_head":"<!-- This site is optimized with the Yoast SEO plugin v15.3 - https:\/\/yoast.com\/wordpress\/plugins\/seo\/ -->\n<title>ACCOMPAGNEMENT AUX RDV PROFESSIONNELS - POP AP<\/title>\n<meta name=\"robots\" content=\"index, follow, max-snippet:-1, max-image-preview:large, max-video-preview:-1\" \/>\n<link rel=\"canonical\" href=\"https:\/\/www.popap.fr\/index.php\/accompagnement-a-des-rdv-professionnels\/\" \/>\n<meta property=\"og:locale\" content=\"fr_FR\" \/>\n<meta property=\"og:type\" content=\"article\" \/>\n<meta property=\"og:title\" content=\"ACCOMPAGNEMENT AUX RDV PROFESSIONNELS - POP AP\" \/>\n<meta property=\"og:url\" content=\"https:\/\/www.popap.fr\/index.php\/accompagnement-a-des-rdv-professionnels\/\" \/>\n<meta property=\"og:site_name\" content=\"POP AP\" \/>\n<meta property=\"article:modified_time\" content=\"2017-11-24T00:29:16+00:00\" \/>\n<meta name=\"twitter:card\" content=\"summary_large_image\" \/>\n<meta name=\"twitter:label1\" content=\"\u00c9crit par\">\n\t<meta name=\"twitter:data1\" content=\"andrea\">\n\t<meta name=\"twitter:label2\" content=\"Dur\u00e9e de lecture est.\">\n\t<meta name=\"twitter:data2\" content=\"1 minute\">\n<script type=\"application\/ld+json\" class=\"yoast-schema-graph\">{\"@context\":\"https:\/\/schema.org\",\"@graph\":[{\"@type\":[\"Person\",\"Organization\"],\"@id\":\"https:\/\/www.popap.fr\/#\/schema\/person\/1b35b44cefd7538c5b9431ffd77241a1\",\"name\":\"andrea\",\"image\":{\"@type\":\"ImageObject\",\"@id\":\"https:\/\/www.popap.fr\/#personlogo\",\"inLanguage\":\"fr-FR\",\"url\":\"https:\/\/secure.gravatar.com\/avatar\/7488f28436650bb7e4fa5a5dd33df135?s=96&d=mm&r=g\",\"caption\":\"andrea\"},\"logo\":{\"@id\":\"https:\/\/www.popap.fr\/#personlogo\"}},{\"@type\":\"WebSite\",\"@id\":\"https:\/\/www.popap.fr\/#website\",\"url\":\"https:\/\/www.popap.fr\/\",\"name\":\"POP AP\",\"description\":\"Conseil en marketing et d\\u00e9veloppement pour Petites Entreprises\",\"publisher\":{\"@id\":\"https:\/\/www.popap.fr\/#\/schema\/person\/1b35b44cefd7538c5b9431ffd77241a1\"},\"potentialAction\":[{\"@type\":\"SearchAction\",\"target\":\"https:\/\/www.popap.fr\/?s={search_term_string}\",\"query-input\":\"required name=search_term_string\"}],\"inLanguage\":\"fr-FR\"},{\"@type\":\"WebPage\",\"@id\":\"https:\/\/www.popap.fr\/index.php\/accompagnement-a-des-rdv-professionnels\/#webpage\",\"url\":\"https:\/\/www.popap.fr\/index.php\/accompagnement-a-des-rdv-professionnels\/\",\"name\":\"ACCOMPAGNEMENT AUX RDV PROFESSIONNELS - POP AP\",\"isPartOf\":{\"@id\":\"https:\/\/www.popap.fr\/#website\"},\"datePublished\":\"2017-11-17T09:05:26+00:00\",\"dateModified\":\"2017-11-24T00:29:16+00:00\",\"inLanguage\":\"fr-FR\",\"potentialAction\":[{\"@type\":\"ReadAction\",\"target\":[\"https:\/\/www.popap.fr\/index.php\/accompagnement-a-des-rdv-professionnels\/\"]}]}]}<\/script>\n<!-- \/ Yoast SEO plugin. -->","_links":{"self":[{"href":"https:\/\/www.popap.fr\/index.php\/wp-json\/wp\/v2\/pages\/3645"}],"collection":[{"href":"https:\/\/www.popap.fr\/index.php\/wp-json\/wp\/v2\/pages"}],"about":[{"href":"https:\/\/www.popap.fr\/index.php\/wp-json\/wp\/v2\/types\/page"}],"author":[{"embeddable":true,"href":"https:\/\/www.popap.fr\/index.php\/wp-json\/wp\/v2\/users\/1"}],"replies":[{"embeddable":true,"href":"https:\/\/www.popap.fr\/index.php\/wp-json\/wp\/v2\/comments?post=3645"}],"version-history":[{"count":3,"href":"https:\/\/www.popap.fr\/index.php\/wp-json\/wp\/v2\/pages\/3645\/revisions"}],"predecessor-version":[{"id":4081,"href":"https:\/\/www.popap.fr\/index.php\/wp-json\/wp\/v2\/pages\/3645\/revisions\/4081"}],"wp:attachment":[{"href":"https:\/\/www.popap.fr\/index.php\/wp-json\/wp\/v2\/media?parent=3645"}],"curies":[{"name":"wp","href":"https:\/\/api.w.org\/{rel}","templated":true}]}}