{"id":3642,"date":"2017-11-17T10:03:23","date_gmt":"2017-11-17T09:03:23","guid":{"rendered":"http:\/\/www.popap.fr\/?page_id=3642"},"modified":"2017-11-24T01:30:01","modified_gmt":"2017-11-24T00:30:01","slug":"preparation-de-tous-vos-argumentaires-daffaires","status":"publish","type":"page","link":"https:\/\/www.popap.fr\/index.php\/preparation-de-tous-vos-argumentaires-daffaires\/","title":{"rendered":"ARGUMENTAIRES POUR MIEUX CONVAINCRE"},"content":{"rendered":"<div style='padding-bottom:20px;font-size:40px;' class='av-special-heading av-special-heading-h2  blockquote modern-quote   av-inherit-size'><h2 class='av-special-heading-tag'  itemprop=\"headline\"  >Service + femmes entrepreneurs<\/h2><div class='special-heading-border'><div class='special-heading-inner-border' ><\/div><\/div><\/div>\n<section class=\"av_textblock_section\"  itemscope=\"itemscope\" itemtype=\"https:\/\/schema.org\/CreativeWork\" ><div class='avia_textblock  av_inherit_color'   itemprop=\"text\" ><h1><span style=\"color: #e22006;\"><strong>ARGUMENTAIRES POUR MIEUX CONVAINCRE<\/strong><\/span><\/h1>\n<p><span style=\"color: #e22006;\"><strong>NOUS ACCOMPAGNONS LES FEMMES ENTREPRENEURS \u00c0 AVOIR\u00a0UNE APPROCHE RECONNUE DANS LE MONDE DES AFFAIRES<\/strong><\/span><\/p>\n<p><span style=\"color: #808080;\">La\u00a0<strong>l\u00e9gitimit\u00e9<\/strong>\u00a0des femmes en\u00a0tant que professionnelles repose sur une\u00a0<strong>approche structur\u00e9e<\/strong>, avec des\u00a0<strong>objectifs chiffr\u00e9s, ambitieux mais\u00a0r\u00e9els<\/strong>, suivis\u00a0des\u00a0<strong>moyens d\u00e9taill\u00e9s<\/strong>.\u00a0Et le tout\u00a0<strong>d\u00e9termin\u00e9 dans le temps<\/strong>. D\u00e9montrer leur capacit\u00e9 d\u2019y arriver se base sur un\u00a0<strong>plan m\u00e9thodique.<\/strong><\/span><\/p>\n<p><span style=\"color: #e22006;\">Nous\u00a0les\u00a0<strong>accompagnons<\/strong>\u00a0non seulement dans la\u00a0<strong>r\u00e9daction de ce plan<\/strong>\u00a0mais \u00e9galement dans la\u00a0<strong>pr\u00e9paration\u00a0\u00e0 leurs oraux<\/strong>\u00a0(pr\u00e9paration de slides de pr\u00e9sentation, coaching pour un passage \u00e0 l\u2019oral, pitch\u00a0 vers\u00a0vos partenaires ou\u00a0vos financeurs).<\/span><\/p>\n<\/div><\/section>\n<div class='avia-button-wrap avia-button-center '><a href='https:\/\/www.popap.fr\/index.php\/contact\/' class='avia-button  avia-icon_select-yes-left-icon avia-color-custom avia-size-x-large avia-position-center '  target=\"_blank\"  style='background-color:#e22006; border-color:#e22006; color:#ffffff; ' ><span class='avia_button_icon avia_button_icon_left ' aria-hidden='true' data-av_icon='\ue81f' data-av_iconfont='entypo-fontello'><\/span><span class='avia_iconbox_title' >CONTACTEZ-NOUS<\/span><\/a><\/div>\n","protected":false},"excerpt":{"rendered":"","protected":false},"author":1,"featured_media":0,"parent":0,"menu_order":0,"comment_status":"closed","ping_status":"closed","template":"","meta":[],"yoast_head":"<!-- This site is optimized with the Yoast SEO plugin v15.3 - https:\/\/yoast.com\/wordpress\/plugins\/seo\/ -->\n<title>ARGUMENTAIRES POUR MIEUX CONVAINCRE - POP AP<\/title>\n<meta name=\"robots\" content=\"index, follow, max-snippet:-1, max-image-preview:large, max-video-preview:-1\" \/>\n<link rel=\"canonical\" href=\"https:\/\/www.popap.fr\/index.php\/preparation-de-tous-vos-argumentaires-daffaires\/\" \/>\n<meta property=\"og:locale\" content=\"fr_FR\" \/>\n<meta property=\"og:type\" content=\"article\" \/>\n<meta property=\"og:title\" content=\"ARGUMENTAIRES POUR MIEUX CONVAINCRE - POP AP\" \/>\n<meta property=\"og:url\" content=\"https:\/\/www.popap.fr\/index.php\/preparation-de-tous-vos-argumentaires-daffaires\/\" \/>\n<meta property=\"og:site_name\" content=\"POP AP\" \/>\n<meta property=\"article:modified_time\" content=\"2017-11-24T00:30:01+00:00\" \/>\n<meta name=\"twitter:card\" content=\"summary_large_image\" \/>\n<meta name=\"twitter:label1\" content=\"\u00c9crit par\">\n\t<meta name=\"twitter:data1\" content=\"andrea\">\n\t<meta name=\"twitter:label2\" content=\"Dur\u00e9e de lecture est.\">\n\t<meta name=\"twitter:data2\" content=\"1 minute\">\n<script type=\"application\/ld+json\" class=\"yoast-schema-graph\">{\"@context\":\"https:\/\/schema.org\",\"@graph\":[{\"@type\":[\"Person\",\"Organization\"],\"@id\":\"https:\/\/www.popap.fr\/#\/schema\/person\/1b35b44cefd7538c5b9431ffd77241a1\",\"name\":\"andrea\",\"image\":{\"@type\":\"ImageObject\",\"@id\":\"https:\/\/www.popap.fr\/#personlogo\",\"inLanguage\":\"fr-FR\",\"url\":\"https:\/\/secure.gravatar.com\/avatar\/7488f28436650bb7e4fa5a5dd33df135?s=96&d=mm&r=g\",\"caption\":\"andrea\"},\"logo\":{\"@id\":\"https:\/\/www.popap.fr\/#personlogo\"}},{\"@type\":\"WebSite\",\"@id\":\"https:\/\/www.popap.fr\/#website\",\"url\":\"https:\/\/www.popap.fr\/\",\"name\":\"POP AP\",\"description\":\"Conseil en marketing et d\\u00e9veloppement pour Petites Entreprises\",\"publisher\":{\"@id\":\"https:\/\/www.popap.fr\/#\/schema\/person\/1b35b44cefd7538c5b9431ffd77241a1\"},\"potentialAction\":[{\"@type\":\"SearchAction\",\"target\":\"https:\/\/www.popap.fr\/?s={search_term_string}\",\"query-input\":\"required name=search_term_string\"}],\"inLanguage\":\"fr-FR\"},{\"@type\":\"WebPage\",\"@id\":\"https:\/\/www.popap.fr\/index.php\/preparation-de-tous-vos-argumentaires-daffaires\/#webpage\",\"url\":\"https:\/\/www.popap.fr\/index.php\/preparation-de-tous-vos-argumentaires-daffaires\/\",\"name\":\"ARGUMENTAIRES POUR MIEUX CONVAINCRE - POP AP\",\"isPartOf\":{\"@id\":\"https:\/\/www.popap.fr\/#website\"},\"datePublished\":\"2017-11-17T09:03:23+00:00\",\"dateModified\":\"2017-11-24T00:30:01+00:00\",\"inLanguage\":\"fr-FR\",\"potentialAction\":[{\"@type\":\"ReadAction\",\"target\":[\"https:\/\/www.popap.fr\/index.php\/preparation-de-tous-vos-argumentaires-daffaires\/\"]}]}]}<\/script>\n<!-- \/ Yoast SEO plugin. -->","_links":{"self":[{"href":"https:\/\/www.popap.fr\/index.php\/wp-json\/wp\/v2\/pages\/3642"}],"collection":[{"href":"https:\/\/www.popap.fr\/index.php\/wp-json\/wp\/v2\/pages"}],"about":[{"href":"https:\/\/www.popap.fr\/index.php\/wp-json\/wp\/v2\/types\/page"}],"author":[{"embeddable":true,"href":"https:\/\/www.popap.fr\/index.php\/wp-json\/wp\/v2\/users\/1"}],"replies":[{"embeddable":true,"href":"https:\/\/www.popap.fr\/index.php\/wp-json\/wp\/v2\/comments?post=3642"}],"version-history":[{"count":5,"href":"https:\/\/www.popap.fr\/index.php\/wp-json\/wp\/v2\/pages\/3642\/revisions"}],"predecessor-version":[{"id":4084,"href":"https:\/\/www.popap.fr\/index.php\/wp-json\/wp\/v2\/pages\/3642\/revisions\/4084"}],"wp:attachment":[{"href":"https:\/\/www.popap.fr\/index.php\/wp-json\/wp\/v2\/media?parent=3642"}],"curies":[{"name":"wp","href":"https:\/\/api.w.org\/{rel}","templated":true}]}}