{"id":3591,"date":"2017-11-14T22:10:38","date_gmt":"2017-11-14T21:10:38","guid":{"rendered":"http:\/\/www.popap.fr\/?page_id=3591"},"modified":"2017-11-24T01:00:46","modified_gmt":"2017-11-24T00:00:46","slug":"trouver-votre-solution-de-financement","status":"publish","type":"page","link":"https:\/\/www.popap.fr\/index.php\/trouver-votre-solution-de-financement\/","title":{"rendered":"TROUVER VOTRE SOLUTION DE FINANCEMENT"},"content":{"rendered":"<div style='padding-bottom:20px;font-size:40px;' class='av-special-heading av-special-heading-h2  blockquote modern-quote   av-inherit-size'><h2 class='av-special-heading-tag'  itemprop=\"headline\"  >VOS BESOINS<\/h2><div class='special-heading-border'><div class='special-heading-inner-border' ><\/div><\/div><\/div>\n<span class=\"av_font_icon avia_animate_when_visible av-icon-style-  avia-icon-pos-left \" style=\"color:#40bad2; border-color:#40bad2;\"><span class='av-icon-char' style='font-size:40px;line-height:40px;' aria-hidden='true' data-av_icon='\ue8d3' data-av_iconfont='entypo-fontello' ><\/span><\/span>\n<section class=\"av_textblock_section\"  itemscope=\"itemscope\" itemtype=\"https:\/\/schema.org\/CreativeWork\" ><div class='avia_textblock '   itemprop=\"text\" ><p><div class='avia-button-wrap avia-button-center '><a href='https:\/\/www.popap.fr\/index.php\/contact\/' class='avia-button  avia-icon_select-yes-left-icon avia-color-custom avia-size-x-large avia-position-center '  target=\"_blank\"  style='background-color:#e22006; border-color:#e22006; color:#ffffff; ' ><span class='avia_button_icon avia_button_icon_left ' aria-hidden='true' data-av_icon='\ue81f' data-av_iconfont='entypo-fontello'><\/span><span class='avia_iconbox_title' >CONTACTEZ-NOUS<\/span><\/a><\/div><br \/>\n<section class=\"av_textblock_section\"  itemscope=\"itemscope\" itemtype=\"https:\/\/schema.org\/CreativeWork\" ><div class='avia_textblock '   itemprop=\"text\" ><\/div><\/section><br \/>\n<span style=\"color: #999999;\"><em>Saviez-vous&#8230;<\/em><\/span><\/p>\n<ul>\n<li><span style=\"color: #999999;\"><em>que vous pouvez pr\u00e9tendre \u00e0 un\u00a0pr\u00eat d&rsquo;honneur \u00e0 taux z\u00e9ro par des financeurs autres que les banques, si vous d\u00e9montrez un\u00a0certain potentiel de d\u00e9veloppement et que vous cr\u00e9ez des emplois dans les ann\u00e9es \u00e0 venir ?\u00a0Le pr\u00eat d&rsquo;honneur est un pr\u00eat\u00a0sans caution, aucune garantie n&rsquo;est demand\u00e9e et il est remboursable sur 5 ans,\u00a0avec un diff\u00e9r\u00e9 de remboursement<\/em><\/span><\/li>\n<li><span style=\"color: #999999;\"><em>que ce pr\u00eat peut consolider vos capitaux propres et peut \u00eatre utilis\u00e9 pour financer l&rsquo;immat\u00e9riel ou le BFR, ce qui est souvent le plus grande difficult\u00e9 des entrepreneurs<\/em><\/span><\/li>\n<li><span style=\"color: #999999;\"><em>qu&rsquo;il s&rsquo;agit d&rsquo;un levier pour votre pr\u00eat bancaire qui doit suivre ce financement.<\/em><\/span><\/li>\n<\/ul>\n<\/div><\/section>\n<\/div><\/div><\/div><!-- close content main div --><\/div><\/div><div id='av_section_1' class='avia-section main_color avia-section-huge avia-no-border-styling av-section-color-overlay-active avia-bg-style-scroll  container_wrap sidebar_right'   ><div class='av-section-color-overlay-wrap'><div class='av-section-color-overlay' style='opacity: 0.9; background-color: #35383c; '><\/div><div class='container' ><div class='template-page content  av-content-small alpha units'><div class='post-entry post-entry-type-page post-entry-3591'><div class='entry-content-wrapper clearfix'>\n<div class=\"flex_column av_one_fifth  flex_column_div av-zero-column-padding first  \" style='border-radius:0px; '><\/div><div class=\"flex_column av_three_fifth  flex_column_div av-zero-column-padding   \" style='border-radius:0px; '><p><div style='padding-bottom:20px;color:#ffffff;font-size:40px;' class='av-special-heading av-special-heading-h2 custom-color-heading blockquote modern-quote modern-centered  av-inherit-size'><h2 class='av-special-heading-tag'  itemprop=\"headline\"  > QUELS AVANTAGES DE FAIRE APPEL A \u00ab\u00a0POP AP\u00a0\u00bb ? <\/h2><div class='special-heading-border'><div class='special-heading-inner-border' style='border-color:#ffffff'><\/div><\/div><\/div><br \/>\n<section class=\"av_textblock_section\"  itemscope=\"itemscope\" itemtype=\"https:\/\/schema.org\/CreativeWork\" ><div class='avia_textblock  av_inherit_color'  style='color:#ffffff; '  itemprop=\"text\" ><ul>\n<li>S\u2019appuyer sur un regard externe<\/li>\n<li>Avoir \u00e0 votre disposition des\u00a0experts sur l\u2019ensemble des probl\u00e9matiques et des solutions marketing, finance et communication<\/li>\n<li>B\u00e9n\u00e9ficier\u00a0des solutions sur mesure, de la strat\u00e9gie jusqu&rsquo;\u00e0 la mise en place des actions<\/li>\n<li>Garder la ma\u00eetrise de l\u2019ensemble des d\u00e9cisions<\/li>\n<li>B\u00e9n\u00e9ficier de notre r\u00e9seau de professionnels et de notre carnet d&rsquo;adresses pour\u00a0tous vos besoins d&rsquo;entreprise<\/li>\n<\/ul>\n<\/div><\/section><\/p><\/div><div class=\"flex_column av_one_fifth  flex_column_div av-zero-column-padding   \" style='border-radius:0px; '><\/div>\n<\/div><\/div><\/div><!-- close content main div --><\/div><\/div><\/div><div id='after_section_1' class='main_color av_default_container_wrap container_wrap sidebar_right'   ><div class='container' ><div class='template-page content  av-content-small alpha units'><div class='post-entry post-entry-type-page post-entry-3591'><div class='entry-content-wrapper clearfix'>\n","protected":false},"excerpt":{"rendered":"","protected":false},"author":1,"featured_media":0,"parent":0,"menu_order":0,"comment_status":"closed","ping_status":"closed","template":"","meta":[],"yoast_head":"<!-- This site is optimized with the Yoast SEO plugin v15.3 - https:\/\/yoast.com\/wordpress\/plugins\/seo\/ -->\n<title>TROUVER VOTRE SOLUTION DE FINANCEMENT - POP AP<\/title>\n<meta name=\"robots\" content=\"index, follow, max-snippet:-1, max-image-preview:large, max-video-preview:-1\" \/>\n<link rel=\"canonical\" href=\"https:\/\/www.popap.fr\/index.php\/trouver-votre-solution-de-financement\/\" \/>\n<meta property=\"og:locale\" content=\"fr_FR\" \/>\n<meta property=\"og:type\" content=\"article\" \/>\n<meta property=\"og:title\" content=\"TROUVER VOTRE SOLUTION DE FINANCEMENT - POP AP\" \/>\n<meta property=\"og:url\" content=\"https:\/\/www.popap.fr\/index.php\/trouver-votre-solution-de-financement\/\" \/>\n<meta property=\"og:site_name\" content=\"POP AP\" \/>\n<meta property=\"article:modified_time\" content=\"2017-11-24T00:00:46+00:00\" \/>\n<meta name=\"twitter:card\" content=\"summary_large_image\" \/>\n<meta name=\"twitter:label1\" content=\"\u00c9crit par\">\n\t<meta name=\"twitter:data1\" content=\"andrea\">\n\t<meta name=\"twitter:label2\" content=\"Dur\u00e9e de lecture est.\">\n\t<meta name=\"twitter:data2\" content=\"2 minutes\">\n<script type=\"application\/ld+json\" class=\"yoast-schema-graph\">{\"@context\":\"https:\/\/schema.org\",\"@graph\":[{\"@type\":[\"Person\",\"Organization\"],\"@id\":\"https:\/\/www.popap.fr\/#\/schema\/person\/1b35b44cefd7538c5b9431ffd77241a1\",\"name\":\"andrea\",\"image\":{\"@type\":\"ImageObject\",\"@id\":\"https:\/\/www.popap.fr\/#personlogo\",\"inLanguage\":\"fr-FR\",\"url\":\"https:\/\/secure.gravatar.com\/avatar\/7488f28436650bb7e4fa5a5dd33df135?s=96&d=mm&r=g\",\"caption\":\"andrea\"},\"logo\":{\"@id\":\"https:\/\/www.popap.fr\/#personlogo\"}},{\"@type\":\"WebSite\",\"@id\":\"https:\/\/www.popap.fr\/#website\",\"url\":\"https:\/\/www.popap.fr\/\",\"name\":\"POP AP\",\"description\":\"Conseil en marketing et d\\u00e9veloppement pour Petites Entreprises\",\"publisher\":{\"@id\":\"https:\/\/www.popap.fr\/#\/schema\/person\/1b35b44cefd7538c5b9431ffd77241a1\"},\"potentialAction\":[{\"@type\":\"SearchAction\",\"target\":\"https:\/\/www.popap.fr\/?s={search_term_string}\",\"query-input\":\"required name=search_term_string\"}],\"inLanguage\":\"fr-FR\"},{\"@type\":\"WebPage\",\"@id\":\"https:\/\/www.popap.fr\/index.php\/trouver-votre-solution-de-financement\/#webpage\",\"url\":\"https:\/\/www.popap.fr\/index.php\/trouver-votre-solution-de-financement\/\",\"name\":\"TROUVER VOTRE SOLUTION DE FINANCEMENT - POP AP\",\"isPartOf\":{\"@id\":\"https:\/\/www.popap.fr\/#website\"},\"datePublished\":\"2017-11-14T21:10:38+00:00\",\"dateModified\":\"2017-11-24T00:00:46+00:00\",\"inLanguage\":\"fr-FR\",\"potentialAction\":[{\"@type\":\"ReadAction\",\"target\":[\"https:\/\/www.popap.fr\/index.php\/trouver-votre-solution-de-financement\/\"]}]}]}<\/script>\n<!-- \/ Yoast SEO plugin. -->","_links":{"self":[{"href":"https:\/\/www.popap.fr\/index.php\/wp-json\/wp\/v2\/pages\/3591"}],"collection":[{"href":"https:\/\/www.popap.fr\/index.php\/wp-json\/wp\/v2\/pages"}],"about":[{"href":"https:\/\/www.popap.fr\/index.php\/wp-json\/wp\/v2\/types\/page"}],"author":[{"embeddable":true,"href":"https:\/\/www.popap.fr\/index.php\/wp-json\/wp\/v2\/users\/1"}],"replies":[{"embeddable":true,"href":"https:\/\/www.popap.fr\/index.php\/wp-json\/wp\/v2\/comments?post=3591"}],"version-history":[{"count":17,"href":"https:\/\/www.popap.fr\/index.php\/wp-json\/wp\/v2\/pages\/3591\/revisions"}],"predecessor-version":[{"id":4058,"href":"https:\/\/www.popap.fr\/index.php\/wp-json\/wp\/v2\/pages\/3591\/revisions\/4058"}],"wp:attachment":[{"href":"https:\/\/www.popap.fr\/index.php\/wp-json\/wp\/v2\/media?parent=3591"}],"curies":[{"name":"wp","href":"https:\/\/api.w.org\/{rel}","templated":true}]}}