{"id":3420,"date":"2017-11-09T22:46:16","date_gmt":"2017-11-09T21:46:16","guid":{"rendered":"http:\/\/www.popap.fr\/?page_id=3420"},"modified":"2018-02-25T10:22:01","modified_gmt":"2018-02-25T09:22:01","slug":"pourquoi-un-service-pour-femmes-entrepreneurs","status":"publish","type":"page","link":"https:\/\/www.popap.fr\/index.php\/pourquoi-un-service-pour-femmes-entrepreneurs\/","title":{"rendered":"Pourquoi un service \u207a pour femmes entrepreneurs ?"},"content":{"rendered":"<\/div><\/div><\/div><!-- close content main div --><\/div><\/div><div id='av_section_1' class='avia-section main_color avia-section-default avia-no-shadow avia-bg-style-scroll  container_wrap sidebar_right' style = 'background-color: #ffffff; '  ><div class='av-section-color-overlay-wrap'><a href='#next-section' title='' class='scroll-down-link' aria-hidden='true' data-av_icon='\ue877' data-av_iconfont='entypo-fontello'><\/a><div class='container' ><div class='template-page content  av-content-small alpha units'><div class='post-entry post-entry-type-page post-entry-3420'><div class='entry-content-wrapper clearfix'>\n<div class=\"flex_column av_one_fifth  flex_column_div av-zero-column-padding first  \" style='background-color:#ffffff; border-radius:0px; '><\/div><div class=\"flex_column av_three_fifth  flex_column_div av-zero-column-padding   \" style='background-color:#ffffff; border-radius:0px; '><p><div style='padding-bottom:20px;color:#5f8789;font-size:40px;' class='av-special-heading av-special-heading-h2 custom-color-heading blockquote modern-quote modern-centered   av-inherit-size'><h2 class='av-special-heading-tag'  itemprop=\"headline\"  > POURQUOI DES SERVICES + PROPOS\u00c9S AUX FEMMES ?<\/h2><div class='special-heading-border'><div class='special-heading-inner-border' style='border-color:#5f8789'><\/div><\/div><\/div><br \/>\n<section class=\"av_textblock_section\"  itemscope=\"itemscope\" itemtype=\"https:\/\/schema.org\/CreativeWork\" ><div class='avia_textblock  av_inherit_color'  style='color:#e22006; '  itemprop=\"text\" ><p><span style=\"color: #5f8789;\">Parce qu&rsquo;<b>\u00caTRE FEMME PEUT JUSTEMENT\u00a0\u00caTRE UN V\u00c9RITABLE AVANTAGE\u00a0<\/b>\u00a0dans un monde d&rsquo;affaire tr\u00e8s masculin !<\/span><\/p>\n<p><span style=\"color: #5f8789;\"><strong>MAIS TOUTES LES FEMMES N&rsquo;EN SONT PAS <b>PERSUAD\u00c9ES<\/b>. Pourtant&#8230;<\/strong><\/span><\/p>\n<p><span style=\"color: #5f8789;\">La pr\u00e9sence des femmes dans des entreprises <strong>am\u00e8ne<\/strong> non seulement la<strong> <b>DIVERSIT\u00c9<\/b> <\/strong>et les hommes sont de plus en plus sensibles \u00e0 cela aujourd&rsquo;hui, mais <strong>\u00e7a nous permet<\/strong>, \u00e0 nous femmes, d&rsquo;<strong>utiliser nos\u00a0<\/strong><b>COMP\u00c9TENCES RELATIONNELLES<\/b>, notamment notre <strong>capacit\u00e9 \u00e0 influencer et \u00e0 convaincre en toute int\u00e9grit\u00e9.\u00a0<\/strong><\/span><\/p>\n<p><span style=\"color: #5f8789;\"><strong>Courage, authenticit\u00e9, passion, intuition, gestion de priorit\u00e9s<\/strong> (on g\u00e8re souvent celles de toute une famille !), <strong>responsabilit\u00e9<\/strong> (on y va parfois m\u00eame trop fort !) sont des caract\u00e9ristiques qu&rsquo;apportent souvent les femmes au travail et avec succ\u00e8s.<\/span><\/p>\n<p><span style=\"color: #5f8789;\"><strong>Et apr\u00e8s ?<\/strong><\/span><\/p>\n<p><span style=\"color: #5f8789;\">En effet, il suffit d&rsquo;y ajouter nos\u00a0<strong>COMP\u00c9TENCES PROFESSIONNELLES.<\/strong> Par contre, elles doivent \u00eatre <strong>bien ficel\u00e9es<\/strong>. Il faut \u00eatre tr\u00e8s <strong>conscise<\/strong>, apporter des <strong>preuves factuels bien argument\u00e9s<\/strong> dans vos dossiers de travail. <\/span><\/p>\n<p><span style=\"color: #5f8789;\"><strong>ET C&rsquo;EST L\u00c0 O\u00d9 JE PEUX VOUS AIDER<\/strong> pour <strong>suivre une m\u00e9thodologie, rassembler les arguments n\u00e9cessaires \u00e0 chaque situation, monter votre dossier et vous pr\u00e9parer \u00e0 vos oraux.<\/strong><\/span><\/p>\n<h3 style=\"text-align: center;\"><span style=\"color: #5f8789;\"><strong>JE PARLE PAR EXP\u00c9RIENCE &#8230;<\/strong><\/span><\/h3>\n<p><span style=\"color: #5f8789;\"><strong>car cette exercice m&rsquo;a permis de m&rsquo;affirmer dans ma vie de salari\u00e9e<\/strong>, dans des structures de tailles diff\u00e9rentes, depuis une petite structure o\u00f9 j&rsquo;\u00e9tais la seule femme parmis 8 hommes, jusqu&rsquo;\u00e0 un grand groupe multinationale o\u00f9 je m&rsquo;occupais d&rsquo;un poste de responsabilit\u00e9.<\/span><\/p>\n<p><span style=\"color: #5f8789;\">Mais \u00e9galement <strong>dans ma vie plus \u00ab\u00a0r\u00e9cente\u00a0\u00bb dans l&rsquo;\u00e9conomie solidaire et sociale<\/strong> en tant que co-pr\u00e9sidete d&rsquo;une association qui a tiss\u00e9 des liens forts et fructueux avec des partenaires priv\u00e9s et insitutionnels,<\/span><\/p>\n<p><span style=\"color: #5f8789;\">et <strong>dans me vie d&rsquo;entrepreneur<\/strong> depuis bient\u00f4t 3 ans, en travaillant avec des hommes et des femmes des m\u00e9tiers tr\u00e8s divers, que ce soit des entrepreneurs clients ou des partenaires comme financeurs, expert-comptables, banques, graphistes, imprimeurs.<\/span><\/p>\n<h3 style=\"text-align: center;\"><span style=\"color: #5f8789;\"><strong>ET AUSSI PARCE QUE&#8230;<\/strong><\/span><\/h3>\n<p><span style=\"color: #5f8789;\">&#8230;moi-m\u00eame je sais ce que cela veut dire d&rsquo;assumer\u00a0<strong>plusieurs r\u00f4les \u00e0 la fois<\/strong>\u00a0(m\u00e8re, entrepreneur, conjointe) et je rel\u00e8ve le d\u00e9fi tous les jours de\u00a0<strong>trouver le juste \u00e9quilibre<\/strong>\u00a0entre ces missions.<\/span><\/p>\n<p><strong><span style=\"color: #5f8789;\">C&rsquo;est un enjeux qui est encore plus compliqu\u00e9 lorsque nous travaillons \u00e0\u00a0la maison.<\/span><\/strong><\/p>\n<\/div><\/section><\/p><\/div><div class=\"flex_column av_one_fifth  flex_column_div av-zero-column-padding   \" style='background-color:#40bad2; border-radius:0px; '><\/div><\/div><\/div><\/div><!-- close content main div --><\/div><\/div><\/div><div id='after_section_1' class='main_color av_default_container_wrap container_wrap sidebar_right'   ><div class='container' ><div class='template-page content  av-content-small alpha units'><div class='post-entry post-entry-type-page post-entry-3420'><div class='entry-content-wrapper clearfix'>\n","protected":false},"excerpt":{"rendered":"","protected":false},"author":1,"featured_media":0,"parent":0,"menu_order":0,"comment_status":"closed","ping_status":"closed","template":"","meta":[],"yoast_head":"<!-- This site is optimized with the Yoast SEO plugin v15.3 - https:\/\/yoast.com\/wordpress\/plugins\/seo\/ -->\n<title>Pourquoi un service \u207a pour femmes entrepreneurs ? - POP AP<\/title>\n<meta name=\"robots\" content=\"index, follow, max-snippet:-1, max-image-preview:large, max-video-preview:-1\" \/>\n<link rel=\"canonical\" href=\"https:\/\/www.popap.fr\/index.php\/pourquoi-un-service-pour-femmes-entrepreneurs\/\" \/>\n<meta property=\"og:locale\" content=\"fr_FR\" \/>\n<meta property=\"og:type\" content=\"article\" \/>\n<meta property=\"og:title\" content=\"Pourquoi un service \u207a pour femmes entrepreneurs ? - POP AP\" \/>\n<meta property=\"og:url\" content=\"https:\/\/www.popap.fr\/index.php\/pourquoi-un-service-pour-femmes-entrepreneurs\/\" \/>\n<meta property=\"og:site_name\" content=\"POP AP\" \/>\n<meta property=\"article:modified_time\" content=\"2018-02-25T09:22:01+00:00\" \/>\n<meta name=\"twitter:card\" content=\"summary_large_image\" \/>\n<meta name=\"twitter:label1\" content=\"\u00c9crit par\">\n\t<meta name=\"twitter:data1\" content=\"andrea\">\n\t<meta name=\"twitter:label2\" content=\"Dur\u00e9e de lecture est.\">\n\t<meta name=\"twitter:data2\" content=\"3 minutes\">\n<script type=\"application\/ld+json\" class=\"yoast-schema-graph\">{\"@context\":\"https:\/\/schema.org\",\"@graph\":[{\"@type\":[\"Person\",\"Organization\"],\"@id\":\"https:\/\/www.popap.fr\/#\/schema\/person\/1b35b44cefd7538c5b9431ffd77241a1\",\"name\":\"andrea\",\"image\":{\"@type\":\"ImageObject\",\"@id\":\"https:\/\/www.popap.fr\/#personlogo\",\"inLanguage\":\"fr-FR\",\"url\":\"https:\/\/secure.gravatar.com\/avatar\/7488f28436650bb7e4fa5a5dd33df135?s=96&d=mm&r=g\",\"caption\":\"andrea\"},\"logo\":{\"@id\":\"https:\/\/www.popap.fr\/#personlogo\"}},{\"@type\":\"WebSite\",\"@id\":\"https:\/\/www.popap.fr\/#website\",\"url\":\"https:\/\/www.popap.fr\/\",\"name\":\"POP AP\",\"description\":\"Conseil en marketing et d\\u00e9veloppement pour Petites Entreprises\",\"publisher\":{\"@id\":\"https:\/\/www.popap.fr\/#\/schema\/person\/1b35b44cefd7538c5b9431ffd77241a1\"},\"potentialAction\":[{\"@type\":\"SearchAction\",\"target\":\"https:\/\/www.popap.fr\/?s={search_term_string}\",\"query-input\":\"required name=search_term_string\"}],\"inLanguage\":\"fr-FR\"},{\"@type\":\"WebPage\",\"@id\":\"https:\/\/www.popap.fr\/index.php\/pourquoi-un-service-pour-femmes-entrepreneurs\/#webpage\",\"url\":\"https:\/\/www.popap.fr\/index.php\/pourquoi-un-service-pour-femmes-entrepreneurs\/\",\"name\":\"Pourquoi un service \\u207a pour femmes entrepreneurs ? - POP AP\",\"isPartOf\":{\"@id\":\"https:\/\/www.popap.fr\/#website\"},\"datePublished\":\"2017-11-09T21:46:16+00:00\",\"dateModified\":\"2018-02-25T09:22:01+00:00\",\"inLanguage\":\"fr-FR\",\"potentialAction\":[{\"@type\":\"ReadAction\",\"target\":[\"https:\/\/www.popap.fr\/index.php\/pourquoi-un-service-pour-femmes-entrepreneurs\/\"]}]}]}<\/script>\n<!-- \/ Yoast SEO plugin. -->","_links":{"self":[{"href":"https:\/\/www.popap.fr\/index.php\/wp-json\/wp\/v2\/pages\/3420"}],"collection":[{"href":"https:\/\/www.popap.fr\/index.php\/wp-json\/wp\/v2\/pages"}],"about":[{"href":"https:\/\/www.popap.fr\/index.php\/wp-json\/wp\/v2\/types\/page"}],"author":[{"embeddable":true,"href":"https:\/\/www.popap.fr\/index.php\/wp-json\/wp\/v2\/users\/1"}],"replies":[{"embeddable":true,"href":"https:\/\/www.popap.fr\/index.php\/wp-json\/wp\/v2\/comments?post=3420"}],"version-history":[{"count":48,"href":"https:\/\/www.popap.fr\/index.php\/wp-json\/wp\/v2\/pages\/3420\/revisions"}],"predecessor-version":[{"id":4470,"href":"https:\/\/www.popap.fr\/index.php\/wp-json\/wp\/v2\/pages\/3420\/revisions\/4470"}],"wp:attachment":[{"href":"https:\/\/www.popap.fr\/index.php\/wp-json\/wp\/v2\/media?parent=3420"}],"curies":[{"name":"wp","href":"https:\/\/api.w.org\/{rel}","templated":true}]}}