{"id":2590,"date":"2013-10-21T12:39:03","date_gmt":"2013-10-21T12:39:03","guid":{"rendered":"http:\/\/www.kriesi.at\/themes\/enfold\/?page_id=2590"},"modified":"2013-10-21T12:39:03","modified_gmt":"2013-10-21T12:39:03","slug":"masonry-blog","status":"publish","type":"page","link":"https:\/\/www.popap.fr\/index.php\/blog-3\/masonry-blog\/","title":{"rendered":"Masonry Blog"},"content":{"rendered":"<div id='av-masonry-1' class='av-masonry noHover av-fixed-size av-1px-gap av-hover-overlay-active av-masonry-col-automatic av-caption-always av-caption-style- '  ><div class='av-masonry-sort main_color av-sort-yes' data-masonry-id='1' ><div class='av-sort-by-term  ' data-av-allowed-sort='[\"frontpage-article_sort\",\"images_sort\",\"news_sort\",\"non-classe_sort\",\"personal_sort\",\"uncategorized_sort\"]' ><a href=\"#\" data-filter=\"all_sort\" class=\"all_sort_button active_sort\"><span class=\"inner_sort_button\"><span>Tout<\/span><small class=\"avia-term-count\"> 10 <\/small><\/span><\/a><span class='text-sep frontpage-article_sort_sep avia_show_sort'>\/<\/span><a href=\"#\" data-filter=\"frontpage-article_sort\" class=\"frontpage-article_sort_button avia_show_sort\" ><span class=\"inner_sort_button\"><span>Frontpage Article<\/span><small class='avia-term-count'> 1 <\/small><\/span><\/a><span class='text-sep images_sort_sep avia_hide_sort'>\/<\/span><a href=\"#\" data-filter=\"images_sort\" class=\"images_sort_button avia_hide_sort\" ><span class=\"inner_sort_button\"><span>Images<\/span><small class='avia-term-count'> 0 <\/small><\/span><\/a><span class='text-sep news_sort_sep avia_show_sort'>\/<\/span><a href=\"#\" data-filter=\"news_sort\" class=\"news_sort_button avia_show_sort\" ><span class=\"inner_sort_button\"><span>News<\/span><small class='avia-term-count'> 4 <\/small><\/span><\/a><span class='text-sep non-classe_sort_sep avia_show_sort'>\/<\/span><a href=\"#\" data-filter=\"non-classe_sort\" class=\"non-classe_sort_button avia_show_sort\" ><span class=\"inner_sort_button\"><span>Non class\u00e9<\/span><small class='avia-term-count'> 5 <\/small><\/span><\/a><span class='text-sep personal_sort_sep avia_show_sort'>\/<\/span><a href=\"#\" data-filter=\"personal_sort\" class=\"personal_sort_button avia_show_sort\" ><span class=\"inner_sort_button\"><span>Personal<\/span><small class='avia-term-count'> 2 <\/small><\/span><\/a><span class='text-sep uncategorized_sort_sep avia_show_sort'>\/<\/span><a href=\"#\" data-filter=\"uncategorized_sort\" class=\"uncategorized_sort_button avia_show_sort\" ><span class=\"inner_sort_button\"><span>Uncategorized<\/span><small class='avia-term-count'> 4 <\/small><\/span><\/a><\/div><\/div><div class='av-masonry-container isotope av-js-disabled ' ><div class='av-masonry-entry isotope-item av-masonry-item-no-image all_sort non-classe_sort  frontpage-article_sort  news_sort  personal_sort  uncategorized_sort '><\/div><a href=\"https:\/\/www.popap.fr\/index.php\/2019\/01\/05\/pop-ap-conseil-kezako\/\" id='av-masonry-1-item-4626' data-av-masonry-item='4626' class='av-masonry-entry isotope-item post-4626 post type-post status-publish format-standard hentry category-non-classe all_sort non-classe_sort  av-masonry-item-no-image' title=\"Pop AP Conseil &#8211; K\u00e9ZAKO ?\"  itemscope=\"itemscope\" itemtype=\"https:\/\/schema.org\/CreativeWork\" ><div class='av-inner-masonry-sizer'><\/div><figure class='av-inner-masonry main_color'><figcaption class='av-inner-masonry-content site-background'><div class='av-inner-masonry-content-pos'><div class='av-inner-masonry-content-pos-content'><div class='avia-arrow'><\/div><h3 class='av-masonry-entry-title entry-title'  itemprop=\"headline\" >Pop AP Conseil &#8211; K\u00e9ZAKO ?<\/h3><div class='av-masonry-entry-content entry-content'  itemprop=\"text\" >Pop AP Conseil met son expertise, sa m\u00e9thodologie, ses outils\u2026<\/div><span class='av-masonry-date meta-color updated'>5 janvier 2019<\/span><span class=\"av-masonry-text-sep text-sep-author\">\/<\/span><span class='av-masonry-author meta-color vcard author'><span class='fn'>par andrea<\/span><\/span><\/div><\/div><\/figcaption><\/figure><\/a><!--end av-masonry entry--><a href=\"https:\/\/www.popap.fr\/index.php\/2018\/09\/03\/immigration-entreprenariat\/\" id='av-masonry-1-item-4571' data-av-masonry-item='4571' class='av-masonry-entry isotope-item post-4571 post type-post status-publish format-standard hentry category-non-classe all_sort non-classe_sort  av-masonry-item-no-image' title=\"IMMIGRATION &#038; ENTREPRENARIAT\"  itemscope=\"itemscope\" itemtype=\"https:\/\/schema.org\/CreativeWork\" ><div class='av-inner-masonry-sizer'><\/div><figure class='av-inner-masonry main_color'><figcaption class='av-inner-masonry-content site-background'><div class='av-inner-masonry-content-pos'><div class='av-inner-masonry-content-pos-content'><div class='avia-arrow'><\/div><h3 class='av-masonry-entry-title entry-title'  itemprop=\"headline\" >IMMIGRATION &#038; ENTREPRENARIAT<\/h3><div class='av-masonry-entry-content entry-content'  itemprop=\"text\" >En Allemagne, les entrepreneurs immigr\u00e9s ont cr\u00e9\u00e9 2 millions\u2026<\/div><span class='av-masonry-date meta-color updated'>3 septembre 2018<\/span><span class=\"av-masonry-text-sep text-sep-author\">\/<\/span><span class='av-masonry-author meta-color vcard author'><span class='fn'>par andrea<\/span><\/span><\/div><\/div><\/figcaption><\/figure><\/a><!--end av-masonry entry--><a href=\"https:\/\/www.popap.fr\/index.php\/2018\/04\/30\/small-business-week\/\" id='av-masonry-1-item-4522' data-av-masonry-item='4522' class='av-masonry-entry isotope-item post-4522 post type-post status-publish format-gallery hentry category-frontpage-article post_format-post-format-gallery all_sort frontpage-article_sort  av-masonry-item-no-image' title=\"SMALL BUSINESS WEEK\"  itemscope=\"itemscope\" itemtype=\"https:\/\/schema.org\/CreativeWork\" ><div class='av-inner-masonry-sizer'><\/div><figure class='av-inner-masonry main_color'><figcaption class='av-inner-masonry-content site-background'><div class='av-inner-masonry-content-pos'><div class='av-inner-masonry-content-pos-content'><div class='avia-arrow'><\/div><span class='av-icon-display ' aria-hidden='true' data-av_icon='\ue80e' data-av_iconfont='entypo-fontello'><\/span><h3 class='av-masonry-entry-title entry-title'  itemprop=\"headline\" >SMALL BUSINESS WEEK<\/h3><div class='av-masonry-entry-content entry-content'  itemprop=\"text\" >YESSS !!!<br \/>\r\n<br \/>\r\nAux US,\u00a0 chaque ann\u00e9e depuis 1963, les Entrepreneurs\u2026<\/div><span class='av-masonry-date meta-color updated'>30 avril 2018<\/span><span class=\"av-masonry-text-sep text-sep-author\">\/<\/span><span class='av-masonry-author meta-color vcard author'><span class='fn'>par andrea<\/span><\/span><\/div><\/div><\/figcaption><\/figure><\/a><!--end av-masonry entry--><a href=\"https:\/\/www.popap.fr\/index.php\/2018\/03\/02\/nouvel-algorhytme-de-facebook-qui-penalise-votre-marque-sauf-si-vous-etes-malins\/\" id='av-masonry-1-item-4491' data-av-masonry-item='4491' class='av-masonry-entry isotope-item post-4491 post type-post status-publish format-standard hentry category-non-classe all_sort non-classe_sort  av-masonry-item-no-image' title=\"NOUVEL ALGORHYTME DE FACEBOOK QUI P\u00c9NALISE VOTRE MARQUE &#8211; SAUF SI VOUS ETES MALINS\"  itemscope=\"itemscope\" itemtype=\"https:\/\/schema.org\/CreativeWork\" ><div class='av-inner-masonry-sizer'><\/div><figure class='av-inner-masonry main_color'><figcaption class='av-inner-masonry-content site-background'><div class='av-inner-masonry-content-pos'><div class='av-inner-masonry-content-pos-content'><div class='avia-arrow'><\/div><h3 class='av-masonry-entry-title entry-title'  itemprop=\"headline\" >NOUVEL ALGORHYTME DE FACEBOOK QUI P\u00c9NALISE VOTRE MARQUE &#8211; SAUF SI VOUS ETES MALINS<\/h3><span class='av-masonry-date meta-color updated'>2 mars 2018<\/span><span class=\"av-masonry-text-sep text-sep-author\">\/<\/span><span class='av-masonry-author meta-color vcard author'><span class='fn'>par andrea<\/span><\/span><\/div><\/div><\/figcaption><\/figure><\/a><!--end av-masonry entry--><a href=\"https:\/\/www.popap.fr\/index.php\/2018\/03\/01\/business-model-business-plan\/\" id='av-masonry-1-item-4489' data-av-masonry-item='4489' class='av-masonry-entry isotope-item post-4489 post type-post status-publish format-standard hentry category-non-classe all_sort non-classe_sort  av-masonry-item-no-image' title=\"BUSINESS MODEL &#038; BUSINESS PLAN\"  itemscope=\"itemscope\" itemtype=\"https:\/\/schema.org\/CreativeWork\" ><div class='av-inner-masonry-sizer'><\/div><figure class='av-inner-masonry main_color'><figcaption class='av-inner-masonry-content site-background'><div class='av-inner-masonry-content-pos'><div class='av-inner-masonry-content-pos-content'><div class='avia-arrow'><\/div><h3 class='av-masonry-entry-title entry-title'  itemprop=\"headline\" >BUSINESS MODEL &#038; BUSINESS PLAN<\/h3><div class='av-masonry-entry-content entry-content'  itemprop=\"text\" >Vous \u00eates nombreux \u00e0 me demander : mais quelle diff\u00e9rence\u2026<\/div><span class='av-masonry-date meta-color updated'>1 mars 2018<\/span><span class=\"av-masonry-text-sep text-sep-author\">\/<\/span><span class='av-masonry-author meta-color vcard author'><span class='fn'>par andrea<\/span><\/span><\/div><\/div><\/figcaption><\/figure><\/a><!--end av-masonry entry--><a href=\"https:\/\/www.popap.fr\/index.php\/2017\/09\/25\/horlogerie-ancienne-une-entreprise-rare-dont-le-business-nest-pas-menacee-par-les-dernieres-innovations\/\" id='av-masonry-1-item-421' data-av-masonry-item='421' class='av-masonry-entry isotope-item post-421 post type-post status-publish format-standard hentry category-non-classe all_sort non-classe_sort  av-masonry-item-no-image' title=\"\u00ab HORLOGERIE ANCIENNE \u00bb &#8211; UNE ENTREPRISE RARE DONT LE BUSINESS N\u2019EST PAS MENACE PAR LES DERNIERES INNOVATIONS\"  itemscope=\"itemscope\" itemtype=\"https:\/\/schema.org\/CreativeWork\" ><div class='av-inner-masonry-sizer'><\/div><figure class='av-inner-masonry main_color'><figcaption class='av-inner-masonry-content site-background'><div class='av-inner-masonry-content-pos'><div class='av-inner-masonry-content-pos-content'><div class='avia-arrow'><\/div><h3 class='av-masonry-entry-title entry-title'  itemprop=\"headline\" >\u00ab HORLOGERIE ANCIENNE \u00bb &#8211; UNE ENTREPRISE RARE DONT LE BUSINESS N\u2019EST PAS MENACE PAR LES DERNIERES INNOVATIONS<\/h3><div class='av-masonry-entry-content entry-content'  itemprop=\"text\" >&nbsp;<br \/>\r\n<br \/>\r\n&nbsp;<br \/>\r\n<br \/>\r\n&nbsp;<br \/>\r\n<br \/>\r\n&nbsp;<br \/>\r\n<br \/>\r\n&nbsp;<br \/>\r\n<br \/>\r\nUn beau\u2026<\/div><span class='av-masonry-date meta-color updated'>25 septembre 2017<\/span><span class=\"av-masonry-text-sep text-sep-author\">\/<\/span><span class='av-masonry-author meta-color vcard author'><span class='fn'>par andrea<\/span><\/span><\/div><\/div><\/figcaption><\/figure><\/a><!--end av-masonry entry--><a href=\"https:\/\/www.popap.fr\/index.php\/2015\/05\/11\/entry-with-audio\/\" id='av-masonry-1-item-3072' data-av-masonry-item='3072' class='av-masonry-entry isotope-item post-3072 post type-post status-publish format-audio hentry category-news category-personal category-uncategorized tag-food tag-fun post_format-post-format-audio all_sort news_sort  personal_sort  uncategorized_sort  av-masonry-item-no-image' title=\"Entry with Audio\"  itemscope=\"itemscope\" itemtype=\"https:\/\/schema.org\/CreativeWork\" ><div class='av-inner-masonry-sizer'><\/div><figure class='av-inner-masonry main_color'><figcaption class='av-inner-masonry-content site-background'><div class='av-inner-masonry-content-pos'><div class='av-inner-masonry-content-pos-content'><div class='avia-arrow'><\/div><span class='av-icon-display ' aria-hidden='true' data-av_icon='\ue801' data-av_iconfont='entypo-fontello'><\/span><h3 class='av-masonry-entry-title entry-title'  itemprop=\"headline\" >Entry with Audio<\/h3><div class='av-masonry-entry-content entry-content'  itemprop=\"text\" >Lorem ipsum dolor sit amet, consectetuer adipiscing elit. Aenean commodo ligula eget dolor. Aenean massa.<\/div><span class='av-masonry-date meta-color updated'>11 mai 2015<\/span><span class=\"av-masonry-text-sep text-sep-author\">\/<\/span><span class='av-masonry-author meta-color vcard author'><span class='fn'>par andrea<\/span><\/span><\/div><\/div><\/figcaption><\/figure><\/a><!--end av-masonry entry--><a href=\"https:\/\/www.popap.fr\/index.php\/2015\/01\/24\/a-small-gallery\/\" id='av-masonry-1-item-3070' data-av-masonry-item='3070' class='av-masonry-entry isotope-item post-3070 post type-post status-publish format-gallery has-post-thumbnail hentry category-news category-personal category-uncategorized tag-food tag-fun post_format-post-format-gallery all_sort news_sort  personal_sort  uncategorized_sort  av-masonry-item-with-image av-grid-img' title=\"A small gallery\"  itemscope=\"itemscope\" itemtype=\"https:\/\/schema.org\/CreativeWork\" ><div class='av-inner-masonry-sizer'><\/div><figure class='av-inner-masonry main_color'><div class=\"av-masonry-outerimage-container\"><div class=\"av-masonry-image-container\" style=\"background-image: url(https:\/\/www.popap.fr\/wp-content\/uploads\/2015\/07\/portfolio-large-1-705x353.jpg);\"><img src=\"https:\/\/www.popap.fr\/wp-content\/uploads\/2015\/07\/portfolio-large-1-705x353.jpg\" title=\"\" alt=\"\" \/><\/div><\/div><figcaption class='av-inner-masonry-content site-background'><div class='av-inner-masonry-content-pos'><div class='av-inner-masonry-content-pos-content'><div class='avia-arrow'><\/div><h3 class='av-masonry-entry-title entry-title'  itemprop=\"headline\" >A small gallery<\/h3><div class='av-masonry-entry-content entry-content'  itemprop=\"text\" >Lorem ipsum dolor sit amet, consectetuer adipiscing elit. Aenean commodo ligula eget dolor...<\/div><span class='av-masonry-date meta-color updated'>24 janvier 2015<\/span><span class=\"av-masonry-text-sep text-sep-author\">\/<\/span><span class='av-masonry-author meta-color vcard author'><span class='fn'>par andrea<\/span><\/span><\/div><\/div><\/figcaption><\/figure><\/a><!--end av-masonry entry--><a href=\"https:\/\/www.popap.fr\/index.php\/2014\/08\/24\/a-nice-entry\/\" id='av-masonry-1-item-3073' data-av-masonry-item='3073' class='av-masonry-entry isotope-item post-3073 post type-post status-publish format-standard has-post-thumbnail hentry category-news category-uncategorized tag-food tag-fun all_sort news_sort  uncategorized_sort  av-masonry-item-with-image av-grid-img' title=\"A nice entry\"  itemscope=\"itemscope\" itemtype=\"https:\/\/schema.org\/CreativeWork\" ><div class='av-inner-masonry-sizer'><\/div><figure class='av-inner-masonry main_color'><div class=\"av-masonry-outerimage-container\"><div class=\"av-masonry-image-container\" style=\"background-image: url(https:\/\/www.popap.fr\/wp-content\/uploads\/2015\/07\/business-office-work-705x470.jpg);\"><img src=\"https:\/\/www.popap.fr\/wp-content\/uploads\/2015\/07\/business-office-work-705x470.jpg\" title=\"\" alt=\"\" \/><\/div><\/div><figcaption class='av-inner-masonry-content site-background'><div class='av-inner-masonry-content-pos'><div class='av-inner-masonry-content-pos-content'><div class='avia-arrow'><\/div><h3 class='av-masonry-entry-title entry-title'  itemprop=\"headline\" >A nice entry<\/h3><div class='av-masonry-entry-content entry-content'  itemprop=\"text\" >Lorem ipsum dolor sit amet, consectetuer adipiscing elit. Aenean\u2026<\/div><span class='av-masonry-date meta-color updated'>24 ao\u00fbt 2014<\/span><span class=\"av-masonry-text-sep text-sep-author\">\/<\/span><span class='av-masonry-author meta-color vcard author'><span class='fn'>par andrea<\/span><\/span><\/div><\/div><\/figcaption><\/figure><\/a><!--end av-masonry entry--><a href=\"https:\/\/www.popap.fr\/index.php\/2014\/02\/12\/entry-without-preview-image\/\" id='av-masonry-1-item-3071' data-av-masonry-item='3071' class='av-masonry-entry isotope-item post-3071 post type-post status-publish format-standard hentry category-news category-uncategorized tag-food tag-fun all_sort news_sort  uncategorized_sort  av-masonry-item-no-image' title=\"Entry without preview image\"  itemscope=\"itemscope\" itemtype=\"https:\/\/schema.org\/CreativeWork\" ><div class='av-inner-masonry-sizer'><\/div><figure class='av-inner-masonry main_color'><figcaption class='av-inner-masonry-content site-background'><div class='av-inner-masonry-content-pos'><div class='av-inner-masonry-content-pos-content'><div class='avia-arrow'><\/div><h3 class='av-masonry-entry-title entry-title'  itemprop=\"headline\" >Entry without preview image<\/h3><div class='av-masonry-entry-content entry-content'  itemprop=\"text\" >Lorem ipsum dolor sit amet, consectetuer adipiscing elit. Aenean\u2026<\/div><span class='av-masonry-date meta-color updated'>12 f\u00e9vrier 2014<\/span><span class=\"av-masonry-text-sep text-sep-author\">\/<\/span><span class='av-masonry-author meta-color vcard author'><span class='fn'>par andrea<\/span><\/span><\/div><\/div><\/figcaption><\/figure><\/a><!--end av-masonry entry--><\/div><a class='av-masonry-pagination av-masonry-load-more' href='#load-more'  data-ids=''  data-action=''  data-link='category'  data-post_type='post, page, attachment, revision, nav_menu_item, custom_css, customize_changeset, oembed_cache, user_request, wp_block, pf_contact, portfolio, avia_framework_post'  data-items='10'  data-size='fixed manually'  data-gap='1px'  data-overlay_fx='active'  data-offset='0'  data-container_links='1'  data-container_class=''  data-paginate='load_more'  data-caption_elements='title excerpt'  data-caption_display='always'  data-caption_styling=''  data-sort='yes'  data-columns='automatic'  data-auto_ratio='1.7'  data-set_breadcrumb='1'  data-custom_markup=''  data-query_orderby='date'  data-query_order='DESC'  data-color=''  data-custom_bg=''  data-taxonomy='category'  data-categories='34,35,16,1,17,18'  data-avno='43b6cd62b4'>Charger plus<\/a><\/div>\n","protected":false},"excerpt":{"rendered":"","protected":false},"author":1,"featured_media":0,"parent":3192,"menu_order":0,"comment_status":"open","ping_status":"open","template":"","meta":[],"yoast_head":"<!-- This site is optimized with the Yoast SEO plugin v15.3 - https:\/\/yoast.com\/wordpress\/plugins\/seo\/ -->\n<title>Masonry Blog - POP AP<\/title>\n<meta name=\"robots\" content=\"index, follow, max-snippet:-1, max-image-preview:large, max-video-preview:-1\" \/>\n<link rel=\"canonical\" href=\"https:\/\/www.popap.fr\/index.php\/blog-3\/masonry-blog\/\" \/>\n<meta property=\"og:locale\" content=\"fr_FR\" \/>\n<meta property=\"og:type\" content=\"article\" \/>\n<meta property=\"og:title\" content=\"Masonry Blog - POP AP\" \/>\n<meta property=\"og:url\" content=\"https:\/\/www.popap.fr\/index.php\/blog-3\/masonry-blog\/\" \/>\n<meta property=\"og:site_name\" content=\"POP AP\" \/>\n<meta name=\"twitter:card\" content=\"summary_large_image\" \/>\n<meta name=\"twitter:label1\" content=\"\u00c9crit par\">\n\t<meta name=\"twitter:data1\" content=\"andrea\">\n\t<meta name=\"twitter:label2\" content=\"Dur\u00e9e de lecture est.\">\n\t<meta name=\"twitter:data2\" content=\"0 minute\">\n<script type=\"application\/ld+json\" class=\"yoast-schema-graph\">{\"@context\":\"https:\/\/schema.org\",\"@graph\":[{\"@type\":[\"Person\",\"Organization\"],\"@id\":\"https:\/\/www.popap.fr\/#\/schema\/person\/1b35b44cefd7538c5b9431ffd77241a1\",\"name\":\"andrea\",\"image\":{\"@type\":\"ImageObject\",\"@id\":\"https:\/\/www.popap.fr\/#personlogo\",\"inLanguage\":\"fr-FR\",\"url\":\"https:\/\/secure.gravatar.com\/avatar\/7488f28436650bb7e4fa5a5dd33df135?s=96&d=mm&r=g\",\"caption\":\"andrea\"},\"logo\":{\"@id\":\"https:\/\/www.popap.fr\/#personlogo\"}},{\"@type\":\"WebSite\",\"@id\":\"https:\/\/www.popap.fr\/#website\",\"url\":\"https:\/\/www.popap.fr\/\",\"name\":\"POP AP\",\"description\":\"Conseil en marketing et d\\u00e9veloppement pour Petites Entreprises\",\"publisher\":{\"@id\":\"https:\/\/www.popap.fr\/#\/schema\/person\/1b35b44cefd7538c5b9431ffd77241a1\"},\"potentialAction\":[{\"@type\":\"SearchAction\",\"target\":\"https:\/\/www.popap.fr\/?s={search_term_string}\",\"query-input\":\"required name=search_term_string\"}],\"inLanguage\":\"fr-FR\"},{\"@type\":\"WebPage\",\"@id\":\"https:\/\/www.popap.fr\/index.php\/blog-3\/masonry-blog\/#webpage\",\"url\":\"https:\/\/www.popap.fr\/index.php\/blog-3\/masonry-blog\/\",\"name\":\"Masonry Blog - POP AP\",\"isPartOf\":{\"@id\":\"https:\/\/www.popap.fr\/#website\"},\"datePublished\":\"2013-10-21T12:39:03+00:00\",\"dateModified\":\"2013-10-21T12:39:03+00:00\",\"inLanguage\":\"fr-FR\",\"potentialAction\":[{\"@type\":\"ReadAction\",\"target\":[\"https:\/\/www.popap.fr\/index.php\/blog-3\/masonry-blog\/\"]}]}]}<\/script>\n<!-- \/ Yoast SEO plugin. -->","_links":{"self":[{"href":"https:\/\/www.popap.fr\/index.php\/wp-json\/wp\/v2\/pages\/2590"}],"collection":[{"href":"https:\/\/www.popap.fr\/index.php\/wp-json\/wp\/v2\/pages"}],"about":[{"href":"https:\/\/www.popap.fr\/index.php\/wp-json\/wp\/v2\/types\/page"}],"author":[{"embeddable":true,"href":"https:\/\/www.popap.fr\/index.php\/wp-json\/wp\/v2\/users\/1"}],"replies":[{"embeddable":true,"href":"https:\/\/www.popap.fr\/index.php\/wp-json\/wp\/v2\/comments?post=2590"}],"version-history":[{"count":0,"href":"https:\/\/www.popap.fr\/index.php\/wp-json\/wp\/v2\/pages\/2590\/revisions"}],"up":[{"embeddable":true,"href":"https:\/\/www.popap.fr\/index.php\/wp-json\/wp\/v2\/pages\/3192"}],"wp:attachment":[{"href":"https:\/\/www.popap.fr\/index.php\/wp-json\/wp\/v2\/media?parent=2590"}],"curies":[{"name":"wp","href":"https:\/\/api.w.org\/{rel}","templated":true}]}}