{"id":240,"date":"2016-12-10T10:24:27","date_gmt":"2016-12-10T09:24:27","guid":{"rendered":"http:\/\/www.popap.fr\/?page_id=240"},"modified":"2017-11-02T16:39:52","modified_gmt":"2017-11-02T15:39:52","slug":"nos-clients","status":"publish","type":"page","link":"https:\/\/www.popap.fr\/index.php\/nos-clients\/","title":{"rendered":"NOS CLIENTS SONT&#8230;"},"content":{"rendered":"<p><span style=\"color: #33cccc;\"><b>DES\u00a0ENTREPRISES QUI ONT BESOIN D\u2018\u00caTRE RELANC\u00c9ES MAIS DONT LE G\u00c9RANT A <\/b><span style=\"color: #999999;\"><strong>\u00ab\u00a0LA T\u00caTE DANS LE GUIDON\u00a0\u00bb<\/strong><\/span><\/span><\/p>\n<hr \/>\n<p><span style=\"color: #33cccc;\"><b>LES CR\u00c9ATEURS OU REPRENEURS DES ENTREPRISES \u00c0 <\/b><strong><span style=\"color: #999999;\">FORT POTENTIEL\u00a0DE CR\u00c9ATION D&rsquo;EMPLOIS<\/span><\/strong><\/span><\/p>\n<hr \/>\n<p><span style=\"color: #33cccc;\"><b>DES <span style=\"color: #999999;\">FEMMES ENTREPRENEURS\u00a0<\/span>QUI VEULENT S&rsquo;IMPOSER\u00a0DANS UN MONDE D&rsquo;AFFAIRES\u00a0MASCULIN<\/b>\u00a0<strong>(FINANCIERS, C\u00c9DANTS, JURY DE FINANCEURS)\u00a0POUR <span style=\"color: #999999;\">D\u00c9MONTRER QU&rsquo;ELLES PEUVENT R\u00c9USSIR AVEC PROFESSIONALISME.<\/span><\/strong><\/span><\/p>\n<hr \/>\n<p><span style=\"color: #33cccc;\"><strong>DES FEMMES ENTREPRENEURS\u00a0 QUI <span style=\"color: #808080;\">CHERCHENT A D\u00c9VELOPPER LEURS ENTREPRISE<\/span> <span style=\"color: #808080;\">TOUT EN <span style=\"color: #33cccc;\">\u00c9QUILIBRANT LEUR VIE\u00a0PROFESSIONNELLE ET PERSONNELLE<\/span><\/span>, <span style=\"color: #808080;\">PAR LA\u00a0GESTION DU TEMPS ET LA R\u00c9ORGANISATION DE L&rsquo;ENTREPRISE\u00a0<\/span><\/strong><span style=\"color: #808080;\">(prorit\u00e9s, urgences, d\u00e9l\u00e9gation).<\/span><\/span><\/p>\n<p><em><span style=\"color: #808080;\"><b>T\u00c9MOIGNAGE<\/b><\/span><\/em><\/p>\n<p><span style=\"color: #808080;\"><em>\u00ab\u00a0Nous les Entrepreneurs, nous avons besoin d\u2019aide en conseil en marketing et en d\u00e9veloppement d\u2019entreprises. J\u2019ai fait appel \u00e0 Andrea PECOUL qui accompagne mon entreprise qui n\u2019a pas forcement des moyens importants \u00e0 investir dans le marketing. Et c\u2019est l\u00e0 que le concept d\u2019Andrea est g\u00e9nial car elle s\u2019adapte \u00e0 nos budgets (possibilit\u00e9 de plusieurs \u00e9tapes ). Surtout elle est efficace et professionnelle . Je vous garantie que vous n\u2019allez pas perdre votre temps Elle a plusieurs cordes \u00e0 son arc. Je vous invite \u00e0 regarder son site. Que vous soyez tout seul , 10 personnes ou plus, elle r\u00e9pondra \u00e0 vos attentes et surtout vous gagnerez du temps.\u00a0\u00bb (Beno\u00eet Cl\u00e9ment, G\u00e9rant d&rsquo;Abri &amp; Co, B\u00e2timents Modulaires)<\/em><\/span><\/p>\n<hr \/>\n<p><strong><span style=\"color: #33cccc;\">CEUX QUI NOUS ONT D\u00c9J\u00c0 FAIT CONFIANCE :<\/span><\/strong><\/p>\n<p><a href=\"https:\/\/www.abriandco.com\/\" target=\"_blank\" rel=\"noopener noreferrer\"><img loading=\"lazy\" class=\" wp-image-26 alignleft\" src=\"http:\/\/www.popap.fr\/wp-content\/uploads\/2016\/09\/ABRI-AND-CO-Logo.png\" alt=\"ABRI AND CO Logo\" width=\"167\" height=\"83\" \/><\/a>\u00a0 \u00a0\u00a0\u00a0\u00a0\u00a0<a href=\"https:\/\/www.facebook.com\/dallafamiglia\/\" target=\"_blank\" rel=\"noopener noreferrer\"><img loading=\"lazy\" class=\" wp-image-474 alignnone alignleft\" src=\"http:\/\/www.popap.fr\/wp-content\/uploads\/2017\/09\/LogoTLF2017-01-150x150.jpg\" alt=\"\" width=\"123\" height=\"123\" srcset=\"https:\/\/www.popap.fr\/wp-content\/uploads\/2017\/09\/LogoTLF2017-01-150x150.jpg 150w, https:\/\/www.popap.fr\/wp-content\/uploads\/2017\/09\/LogoTLF2017-01-73x73.jpg 73w, https:\/\/www.popap.fr\/wp-content\/uploads\/2017\/09\/LogoTLF2017-01-174x174.jpg 174w, https:\/\/www.popap.fr\/wp-content\/uploads\/2017\/09\/LogoTLF2017-01-250x250.jpg 250w\" sizes=\"(max-width: 123px) 100vw, 123px\" \/>\u00a0<\/a><\/p>\n<p><img loading=\"lazy\" class=\"size-thumbnail wp-image-261 alignleft\" src=\"http:\/\/www.popap.fr\/wp-content\/uploads\/2016\/12\/logo-eat-clean-dier-150x150.jpg\" alt=\"\" width=\"150\" height=\"150\" srcset=\"https:\/\/www.popap.fr\/wp-content\/uploads\/2016\/12\/logo-eat-clean-dier-150x150.jpg 150w, https:\/\/www.popap.fr\/wp-content\/uploads\/2016\/12\/logo-eat-clean-dier-73x73.jpg 73w, https:\/\/www.popap.fr\/wp-content\/uploads\/2016\/12\/logo-eat-clean-dier-174x174.jpg 174w, https:\/\/www.popap.fr\/wp-content\/uploads\/2016\/12\/logo-eat-clean-dier-250x250.jpg 250w, https:\/\/www.popap.fr\/wp-content\/uploads\/2016\/12\/logo-eat-clean-dier.jpg 260w\" sizes=\"(max-width: 150px) 100vw, 150px\" \/><\/p>\n<p><img loading=\"lazy\" class=\"alignnone wp-image-849 size-thumbnail\" src=\"http:\/\/www.popap.fr\/wp-content\/uploads\/2017\/10\/logo-150x150.png\" alt=\"\" width=\"150\" height=\"150\" srcset=\"https:\/\/www.popap.fr\/wp-content\/uploads\/2017\/10\/logo-150x150.png 150w, https:\/\/www.popap.fr\/wp-content\/uploads\/2017\/10\/logo-300x300.png 300w, https:\/\/www.popap.fr\/wp-content\/uploads\/2017\/10\/logo-73x73.png 73w, https:\/\/www.popap.fr\/wp-content\/uploads\/2017\/10\/logo-174x174.png 174w, https:\/\/www.popap.fr\/wp-content\/uploads\/2017\/10\/logo-250x250.png 250w, https:\/\/www.popap.fr\/wp-content\/uploads\/2017\/10\/logo.png 320w\" sizes=\"(max-width: 150px) 100vw, 150px\" \/><\/p>\n<p>&nbsp;<\/p>\n<p>&nbsp;<\/p>\n<p><a href=\"https:\/\/www.apointun.com\/\"><img loading=\"lazy\" class=\"aligncenter size-full wp-image-406\" src=\"http:\/\/www.popap.fr\/wp-content\/uploads\/2017\/01\/Apointun-logo-72-dpi.png\" alt=\"\" width=\"120\" height=\"117\" \/><\/a>\u00a0\u00a0<a href=\"http:\/\/rn-architecture.fr\/\"><img loading=\"lazy\" class=\"aligncenter size-full wp-image-170\" src=\"http:\/\/www.popap.fr\/wp-content\/uploads\/2016\/10\/RN-Architecture-No\u00eblle-Roques-png-1.png\" alt=\"\" width=\"148\" height=\"80\" \/><\/a><\/p>\n<p>&nbsp;<\/p>\n<h1 style=\"text-align: center;\"><a href=\"mailto:andrea@popap.fr\"><span style=\"color: #993366;\">CONTACTEZ-NOUS<\/span><\/a><\/h1>\n<h1 style=\"text-align: center;\"><span style=\"color: #993366;\">POUR UN ENTRETIEN GRATUIT ET SANS ENGAGEMENT<\/span><\/h1>\n<h2 style=\"text-align: center;\"><span style=\"color: #993366;\">andrea@popap.fr<\/span><\/h2>\n<p style=\"text-align: center;\"><span style=\"color: #993366;\">06 13 60 74 09<\/span><\/p>\n<p>&nbsp;<\/p>\n<p>&nbsp;<\/p>\n","protected":false},"excerpt":{"rendered":"<p>DES\u00a0ENTREPRISES QUI ONT BESOIN D\u2018\u00caTRE RELANC\u00c9ES MAIS DONT LE G\u00c9RANT A \u00ab\u00a0LA T\u00caTE DANS LE GUIDON\u00a0\u00bb LES CR\u00c9ATEURS OU REPRENEURS DES ENTREPRISES \u00c0 FORT POTENTIEL\u00a0DE CR\u00c9ATION D&rsquo;EMPLOIS DES FEMMES ENTREPRENEURS\u00a0QUI VEULENT S&rsquo;IMPOSER\u00a0DANS UN MONDE D&rsquo;AFFAIRES\u00a0MASCULIN\u00a0(FINANCIERS, C\u00c9DANTS, JURY DE FINANCEURS)\u00a0POUR D\u00c9MONTRER QU&rsquo;ELLES PEUVENT R\u00c9USSIR AVEC PROFESSIONALISME. DES FEMMES ENTREPRENEURS\u00a0 QUI CHERCHENT A D\u00c9VELOPPER LEURS ENTREPRISE TOUT [&hellip;]<\/p>\n","protected":false},"author":1,"featured_media":0,"parent":0,"menu_order":0,"comment_status":"closed","ping_status":"closed","template":"","meta":[],"yoast_head":"<!-- This site is optimized with the Yoast SEO plugin v15.3 - https:\/\/yoast.com\/wordpress\/plugins\/seo\/ -->\n<title>NOS CLIENTS SONT... - POP AP<\/title>\n<meta name=\"robots\" content=\"index, follow, max-snippet:-1, max-image-preview:large, max-video-preview:-1\" \/>\n<link rel=\"canonical\" href=\"https:\/\/www.popap.fr\/index.php\/nos-clients\/\" \/>\n<meta property=\"og:locale\" content=\"fr_FR\" \/>\n<meta property=\"og:type\" content=\"article\" \/>\n<meta property=\"og:title\" content=\"NOS CLIENTS SONT... - POP AP\" \/>\n<meta property=\"og:description\" content=\"DES\u00a0ENTREPRISES QUI ONT BESOIN D\u2018\u00caTRE RELANC\u00c9ES MAIS DONT LE G\u00c9RANT A \u00ab\u00a0LA T\u00caTE DANS LE GUIDON\u00a0\u00bb LES CR\u00c9ATEURS OU REPRENEURS DES ENTREPRISES \u00c0 FORT POTENTIEL\u00a0DE CR\u00c9ATION D&rsquo;EMPLOIS DES FEMMES ENTREPRENEURS\u00a0QUI VEULENT S&rsquo;IMPOSER\u00a0DANS UN MONDE D&rsquo;AFFAIRES\u00a0MASCULIN\u00a0(FINANCIERS, C\u00c9DANTS, JURY DE FINANCEURS)\u00a0POUR D\u00c9MONTRER QU&rsquo;ELLES PEUVENT R\u00c9USSIR AVEC PROFESSIONALISME. DES FEMMES ENTREPRENEURS\u00a0 QUI CHERCHENT A D\u00c9VELOPPER LEURS ENTREPRISE TOUT [&hellip;]\" \/>\n<meta property=\"og:url\" content=\"https:\/\/www.popap.fr\/index.php\/nos-clients\/\" \/>\n<meta property=\"og:site_name\" content=\"POP AP\" \/>\n<meta property=\"article:modified_time\" content=\"2017-11-02T15:39:52+00:00\" \/>\n<meta property=\"og:image\" content=\"http:\/\/www.popap.fr\/wp-content\/uploads\/2016\/09\/ABRI-AND-CO-Logo.png\" \/>\n<meta name=\"twitter:card\" content=\"summary_large_image\" \/>\n<meta name=\"twitter:label1\" content=\"\u00c9crit par\">\n\t<meta name=\"twitter:data1\" content=\"andrea\">\n\t<meta name=\"twitter:label2\" content=\"Dur\u00e9e de lecture est.\">\n\t<meta name=\"twitter:data2\" content=\"1 minute\">\n<script type=\"application\/ld+json\" class=\"yoast-schema-graph\">{\"@context\":\"https:\/\/schema.org\",\"@graph\":[{\"@type\":[\"Person\",\"Organization\"],\"@id\":\"https:\/\/www.popap.fr\/#\/schema\/person\/1b35b44cefd7538c5b9431ffd77241a1\",\"name\":\"andrea\",\"image\":{\"@type\":\"ImageObject\",\"@id\":\"https:\/\/www.popap.fr\/#personlogo\",\"inLanguage\":\"fr-FR\",\"url\":\"https:\/\/secure.gravatar.com\/avatar\/7488f28436650bb7e4fa5a5dd33df135?s=96&d=mm&r=g\",\"caption\":\"andrea\"},\"logo\":{\"@id\":\"https:\/\/www.popap.fr\/#personlogo\"}},{\"@type\":\"WebSite\",\"@id\":\"https:\/\/www.popap.fr\/#website\",\"url\":\"https:\/\/www.popap.fr\/\",\"name\":\"POP AP\",\"description\":\"Conseil en marketing et d\\u00e9veloppement pour Petites Entreprises\",\"publisher\":{\"@id\":\"https:\/\/www.popap.fr\/#\/schema\/person\/1b35b44cefd7538c5b9431ffd77241a1\"},\"potentialAction\":[{\"@type\":\"SearchAction\",\"target\":\"https:\/\/www.popap.fr\/?s={search_term_string}\",\"query-input\":\"required name=search_term_string\"}],\"inLanguage\":\"fr-FR\"},{\"@type\":\"ImageObject\",\"@id\":\"https:\/\/www.popap.fr\/index.php\/nos-clients\/#primaryimage\",\"inLanguage\":\"fr-FR\",\"url\":\"http:\/\/www.popap.fr\/wp-content\/uploads\/2016\/09\/ABRI-AND-CO-Logo.png\"},{\"@type\":\"WebPage\",\"@id\":\"https:\/\/www.popap.fr\/index.php\/nos-clients\/#webpage\",\"url\":\"https:\/\/www.popap.fr\/index.php\/nos-clients\/\",\"name\":\"NOS CLIENTS SONT... - POP AP\",\"isPartOf\":{\"@id\":\"https:\/\/www.popap.fr\/#website\"},\"primaryImageOfPage\":{\"@id\":\"https:\/\/www.popap.fr\/index.php\/nos-clients\/#primaryimage\"},\"datePublished\":\"2016-12-10T09:24:27+00:00\",\"dateModified\":\"2017-11-02T15:39:52+00:00\",\"inLanguage\":\"fr-FR\",\"potentialAction\":[{\"@type\":\"ReadAction\",\"target\":[\"https:\/\/www.popap.fr\/index.php\/nos-clients\/\"]}]}]}<\/script>\n<!-- \/ Yoast SEO plugin. -->","_links":{"self":[{"href":"https:\/\/www.popap.fr\/index.php\/wp-json\/wp\/v2\/pages\/240"}],"collection":[{"href":"https:\/\/www.popap.fr\/index.php\/wp-json\/wp\/v2\/pages"}],"about":[{"href":"https:\/\/www.popap.fr\/index.php\/wp-json\/wp\/v2\/types\/page"}],"author":[{"embeddable":true,"href":"https:\/\/www.popap.fr\/index.php\/wp-json\/wp\/v2\/users\/1"}],"replies":[{"embeddable":true,"href":"https:\/\/www.popap.fr\/index.php\/wp-json\/wp\/v2\/comments?post=240"}],"version-history":[{"count":100,"href":"https:\/\/www.popap.fr\/index.php\/wp-json\/wp\/v2\/pages\/240\/revisions"}],"predecessor-version":[{"id":963,"href":"https:\/\/www.popap.fr\/index.php\/wp-json\/wp\/v2\/pages\/240\/revisions\/963"}],"wp:attachment":[{"href":"https:\/\/www.popap.fr\/index.php\/wp-json\/wp\/v2\/media?parent=240"}],"curies":[{"name":"wp","href":"https:\/\/api.w.org\/{rel}","templated":true}]}}