{"id":1361,"date":"2017-02-13T15:01:53","date_gmt":"2017-02-13T15:01:53","guid":{"rendered":"http:\/\/test.kriesi.at\/enfold-2017\/?page_id=1361"},"modified":"2017-12-30T21:05:42","modified_gmt":"2017-12-30T20:05:42","slug":"testimonials","status":"publish","type":"page","link":"https:\/\/www.popap.fr\/index.php\/testimonials\/","title":{"rendered":"T\u00e9moignages"},"content":{"rendered":"<div style='height:50px' class='hr hr-invisible '><span class='hr-inner ' ><span class='hr-inner-style'><\/span><\/span><\/div>\n<div style='padding-bottom:15px;color:#000000;font-size:40px;' class='av-special-heading av-special-heading-h1 custom-color-heading blockquote modern-quote   av-inherit-size'><h1 class='av-special-heading-tag'  itemprop=\"headline\"  >T\u00e9moignages<\/h1><div class='special-heading-border'><div class='special-heading-inner-border' style='border-color:#000000'><\/div><\/div><\/div>\n<div style='height:50px' class='hr hr-invisible '><span class='hr-inner ' ><span class='hr-inner-style'><\/span><\/span><\/div>\n<div class=\"flex_column av_one_half  flex_column_div av-zero-column-padding first  \" style='border-radius:0px; '><div  data-autoplay='1'  data-interval='5'  data-animation='fade'  data-hoverpause='1'  class='avia-testimonial-wrapper avia-grid-testimonials avia-grid-2-testimonials avia_animate_when_almost_visible  '>\n<section class ='avia-testimonial-row'><div class='avia-testimonial av_one_half flex_column no_margin avia-testimonial-row-1 avia-first-testimonial'  itemscope=\"itemscope\" itemtype=\"https:\/\/schema.org\/Person\" ><div class='avia-testimonial_inner'><div class='avia-testimonial-image'  itemprop=\"image\" ><img width=\"160\" height=\"180\" src=\"https:\/\/www.popap.fr\/wp-content\/uploads\/2016\/09\/Beno\u00eet-Cl\u00e9ment-Abri-and-Co.jpg\" class=\"attachment-square size-square\" alt=\"Beno\u00eet Cl\u00e9ment\" loading=\"lazy\" \/><\/div><div class='avia-testimonial-content '    itemscope=\"itemscope\" itemtype=\"https:\/\/schema.org\/CreativeWork\" ><p><em>\u00ab\u00a0Nous les Entrepreneurs, nous avons besoin d\u2019aide en conseil en marketing et en d\u00e9veloppement d\u2019entreprises. J\u2019ai fait appel \u00e0 Andrea PECOUL qui accompagne mon entreprise qui n\u2019a pas forcement des moyens importants \u00e0 investir dans le marketing. Et c\u2019est l\u00e0 que le concept d\u2019Andrea est g\u00e9nial car elle s\u2019adapte \u00e0 nos budgets (possibilit\u00e9 de plusieurs \u00e9tapes ). Surtout elle est efficace et professionnelle . Je vous garantie que vous n\u2019allez pas perdre votre temps Elle a plusieurs cordes \u00e0 son arc. Je vous invite \u00e0 regarder<a href=\"http:\/\/www.popap.fr\"> son site.<\/a> Que vous soyez tout seul , 10 personnes ou plus, elle r\u00e9pondra \u00e0 vos attentes et surtout vous gagnerez du temps.\u00a0\u00bb<\/em><\/p>\n<\/div><div class='avia-testimonial-meta'><div class='avia-testimonial-arrow-wrap'><div class='avia-arrow'><\/div><\/div><div class='avia-testimonial-meta-mini'><strong  class='avia-testimonial-name'    itemprop=\"name\" >Beno\u00eet Cl\u00e9ment<\/strong><span  class='avia-testimonial-subtitle '    itemprop=\"jobTitle\" >G\u00e9rant et Fondateur<\/span><span class='hidden avia-testimonial-markup-link'   itemprop=\"url\" >https:\/\/www.abriandco.com\/<\/span> &ndash; <a class='aviablank avia-testimonial-link' href='https:\/\/www.abriandco.com\/' >Abri &amp;amp; Co, B&acirc;timents Modulaires<\/a><\/div><\/div><\/div><\/div>\n<\/section><\/div><\/div>\n<div class=\"flex_column av_one_half  flex_column_div av-zero-column-padding   \" style='border-radius:0px; '><div  data-autoplay='1'  data-interval='5'  data-animation='fade'  data-hoverpause='1'  class='avia-testimonial-wrapper avia-grid-testimonials avia-grid-2-testimonials avia_animate_when_almost_visible  '>\n<section class ='avia-testimonial-row'><div class='avia-testimonial av_one_half flex_column no_margin avia-testimonial-row-1 avia-first-testimonial'  itemscope=\"itemscope\" itemtype=\"https:\/\/schema.org\/Person\" ><div class='avia-testimonial_inner'><div class='avia-testimonial-image'  itemprop=\"image\" ><img width=\"180\" height=\"180\" src=\"https:\/\/www.popap.fr\/wp-content\/uploads\/2017\/02\/DSC02574-180x180.jpg\" class=\"attachment-square size-square\" alt=\"St\u00e9phanie Le Floch\" loading=\"lazy\" srcset=\"https:\/\/www.popap.fr\/wp-content\/uploads\/2017\/02\/DSC02574-180x180.jpg 180w, https:\/\/www.popap.fr\/wp-content\/uploads\/2017\/02\/DSC02574-80x80.jpg 80w, https:\/\/www.popap.fr\/wp-content\/uploads\/2017\/02\/DSC02574-36x36.jpg 36w, https:\/\/www.popap.fr\/wp-content\/uploads\/2017\/02\/DSC02574-120x120.jpg 120w, https:\/\/www.popap.fr\/wp-content\/uploads\/2017\/02\/DSC02574-450x450.jpg 450w\" sizes=\"(max-width: 180px) 100vw, 180px\" \/><\/div><div class='avia-testimonial-content '    itemscope=\"itemscope\" itemtype=\"https:\/\/schema.org\/CreativeWork\" ><p><em>\u00ab\u00a0J&rsquo;avais entendu parler d&rsquo;Andrea lors de son implication au projet de caf\u00e9 associatif <a href=\"https:\/\/www.facebook.com\/jolimai93\/\">Le Joli Mai <\/a>qu&rsquo;elle avait men\u00e9 \u00e0 bien sur notre ville. En tant que b\u00e9n\u00e9vole, elle s\u2019y occupait notamment de la recherche de financements. Je la savais rigoureuse, impliqu\u00e9e et volontaire.<\/em><\/p>\n<p><em><a href=\"http:\/\/www.popap.fr\/\">Je l&rsquo;ai d\u2019abord sollicit\u00e9e<\/a> pour ses conseils professionnels afin qu\u2019elle m\u2019accompagne dans le montage d\u2019un dossier lourd pour l\u2019obtention d&rsquo;un financement de mon entreprise (notamment pour la r\u00e9daction du Business Plan). Elle m\u2019a accompagn\u00e9e pendant 3 mois.\u00a0 Elle a \u00e9t\u00e9 \u00e0 l&rsquo;\u00e9coute, disponible et judicieuse dans son approche. Notre collaboration a \u00e9t\u00e9 un vrai succ\u00e8s puisque j&rsquo;ai \u00e9t\u00e9 laur\u00e9ate du R\u00e9seau Entreprendre 93\u00a0!<\/em><\/p>\n<p><em>Depuis, elle continue \u00e0 m&rsquo;accompagner avec son agence dans le d\u00e9veloppement de mon entreprise. C\u2019est une v\u00e9ritable valeur ajout\u00e9e \u00e0 mon projet\u00a0!\u00a0\u00bb<\/em><\/p>\n<\/div><div class='avia-testimonial-meta'><div class='avia-testimonial-arrow-wrap'><div class='avia-arrow'><\/div><\/div><div class='avia-testimonial-meta-mini'><strong  class='avia-testimonial-name'    itemprop=\"name\" >St\u00e9phanie Le Floch<\/strong><span  class='avia-testimonial-subtitle '    itemprop=\"jobTitle\" >G\u00e9rante et Fondatrice<\/span><span class='hidden avia-testimonial-markup-link'   itemprop=\"url\" >https:\/\/www.thelittlefriends.fr\/<\/span> &ndash; <a class='aviablank avia-testimonial-link' href='https:\/\/www.thelittlefriends.fr\/' >The Little Friends<\/a><\/div><\/div><\/div><\/div>\n<\/section><\/div><\/div>\n","protected":false},"excerpt":{"rendered":"","protected":false},"author":1,"featured_media":0,"parent":0,"menu_order":0,"comment_status":"closed","ping_status":"closed","template":"","meta":[],"yoast_head":"<!-- This site is optimized with the Yoast SEO plugin v15.3 - https:\/\/yoast.com\/wordpress\/plugins\/seo\/ -->\n<title>T\u00e9moignages - POP AP<\/title>\n<meta name=\"robots\" content=\"index, follow, max-snippet:-1, max-image-preview:large, max-video-preview:-1\" \/>\n<link rel=\"canonical\" href=\"https:\/\/www.popap.fr\/index.php\/testimonials\/\" \/>\n<meta property=\"og:locale\" content=\"fr_FR\" \/>\n<meta property=\"og:type\" content=\"article\" \/>\n<meta property=\"og:title\" content=\"T\u00e9moignages - POP AP\" \/>\n<meta property=\"og:url\" content=\"https:\/\/www.popap.fr\/index.php\/testimonials\/\" \/>\n<meta property=\"og:site_name\" content=\"POP AP\" \/>\n<meta property=\"article:modified_time\" content=\"2017-12-30T20:05:42+00:00\" \/>\n<meta name=\"twitter:card\" content=\"summary_large_image\" \/>\n<meta name=\"twitter:label1\" content=\"\u00c9crit par\">\n\t<meta name=\"twitter:data1\" content=\"andrea\">\n\t<meta name=\"twitter:label2\" content=\"Dur\u00e9e de lecture est.\">\n\t<meta name=\"twitter:data2\" content=\"2 minutes\">\n<script type=\"application\/ld+json\" class=\"yoast-schema-graph\">{\"@context\":\"https:\/\/schema.org\",\"@graph\":[{\"@type\":[\"Person\",\"Organization\"],\"@id\":\"https:\/\/www.popap.fr\/#\/schema\/person\/1b35b44cefd7538c5b9431ffd77241a1\",\"name\":\"andrea\",\"image\":{\"@type\":\"ImageObject\",\"@id\":\"https:\/\/www.popap.fr\/#personlogo\",\"inLanguage\":\"fr-FR\",\"url\":\"https:\/\/secure.gravatar.com\/avatar\/7488f28436650bb7e4fa5a5dd33df135?s=96&d=mm&r=g\",\"caption\":\"andrea\"},\"logo\":{\"@id\":\"https:\/\/www.popap.fr\/#personlogo\"}},{\"@type\":\"WebSite\",\"@id\":\"https:\/\/www.popap.fr\/#website\",\"url\":\"https:\/\/www.popap.fr\/\",\"name\":\"POP AP\",\"description\":\"Conseil en marketing et d\\u00e9veloppement pour Petites Entreprises\",\"publisher\":{\"@id\":\"https:\/\/www.popap.fr\/#\/schema\/person\/1b35b44cefd7538c5b9431ffd77241a1\"},\"potentialAction\":[{\"@type\":\"SearchAction\",\"target\":\"https:\/\/www.popap.fr\/?s={search_term_string}\",\"query-input\":\"required name=search_term_string\"}],\"inLanguage\":\"fr-FR\"},{\"@type\":\"WebPage\",\"@id\":\"https:\/\/www.popap.fr\/index.php\/testimonials\/#webpage\",\"url\":\"https:\/\/www.popap.fr\/index.php\/testimonials\/\",\"name\":\"T\\u00e9moignages - POP AP\",\"isPartOf\":{\"@id\":\"https:\/\/www.popap.fr\/#website\"},\"datePublished\":\"2017-02-13T15:01:53+00:00\",\"dateModified\":\"2017-12-30T20:05:42+00:00\",\"inLanguage\":\"fr-FR\",\"potentialAction\":[{\"@type\":\"ReadAction\",\"target\":[\"https:\/\/www.popap.fr\/index.php\/testimonials\/\"]}]}]}<\/script>\n<!-- \/ Yoast SEO plugin. -->","_links":{"self":[{"href":"https:\/\/www.popap.fr\/index.php\/wp-json\/wp\/v2\/pages\/1361"}],"collection":[{"href":"https:\/\/www.popap.fr\/index.php\/wp-json\/wp\/v2\/pages"}],"about":[{"href":"https:\/\/www.popap.fr\/index.php\/wp-json\/wp\/v2\/types\/page"}],"author":[{"embeddable":true,"href":"https:\/\/www.popap.fr\/index.php\/wp-json\/wp\/v2\/users\/1"}],"replies":[{"embeddable":true,"href":"https:\/\/www.popap.fr\/index.php\/wp-json\/wp\/v2\/comments?post=1361"}],"version-history":[{"count":13,"href":"https:\/\/www.popap.fr\/index.php\/wp-json\/wp\/v2\/pages\/1361\/revisions"}],"predecessor-version":[{"id":4337,"href":"https:\/\/www.popap.fr\/index.php\/wp-json\/wp\/v2\/pages\/1361\/revisions\/4337"}],"wp:attachment":[{"href":"https:\/\/www.popap.fr\/index.php\/wp-json\/wp\/v2\/media?parent=1361"}],"curies":[{"name":"wp","href":"https:\/\/api.w.org\/{rel}","templated":true}]}}