{"id":1331,"date":"2017-02-13T14:59:09","date_gmt":"2017-02-13T14:59:09","guid":{"rendered":"http:\/\/test.kriesi.at\/enfold-2017\/?page_id=1331"},"modified":"2017-02-13T14:59:09","modified_gmt":"2017-02-13T14:59:09","slug":"contact-form","status":"publish","type":"page","link":"https:\/\/www.popap.fr\/index.php\/contact-form\/","title":{"rendered":"Contact Form"},"content":{"rendered":"<div style='padding-bottom:15px;color:#000000;font-size:40px;' class='av-special-heading av-special-heading-h1 custom-color-heading blockquote modern-quote   av-inherit-size'><h1 class='av-special-heading-tag'  itemprop=\"headline\"  >Contact Forms<\/h1><div class='special-heading-border'><div class='special-heading-inner-border' style='border-color:#000000'><\/div><\/div><\/div>\n<section class=\"av_textblock_section\"  itemscope=\"itemscope\" itemtype=\"https:\/\/schema.org\/CreativeWork\" ><div class='avia_textblock '   itemprop=\"text\" ><ul>\n<li>You can add any number of contact forms to the theme<\/li>\n<li>Every Contact Form can be customized: You can add various input fields, textareas,\u00a0drop-downs\u00a0and checkboxes<\/li>\n<li>Contact forms come with hidden spam protection and if thats not enough also a simple math\u00a0<a href=\"http:\/\/en.wikipedia.org\/wiki\/CAPTCHA\">CAPTCHA<\/a><\/li>\n<\/ul>\n<\/div><\/section>\n<div  class='hr hr-full hr-no-shadow '><span class='hr-inner ' ><span class='hr-inner-style'><\/span><\/span><\/div>\n<form action=\"https:\/\/www.popap.fr\/index.php\/contact-form\/\" method=\"post\"  class=\"avia_ajax_form av-form-labels-hidden   \" data-avia-form-id=\"1\" data-avia-redirect=''><fieldset><h3>Subscribe to our Newsletter<\/h3><p class=' first_form  form_element form_element_third' id='element_avia_1_1'> <input name=\"avia_1_1\" class=\"text_input is_empty\" type=\"text\" id=\"avia_1_1\" value=\"\"  placeholder='Name*'\/><\/p><p class=' form_element form_element_third av-last-visible-form-element' id='element_avia_2_1'> <input name=\"avia_2_1\" class=\"text_input is_email\" type=\"text\" id=\"avia_2_1\" value=\"\"  placeholder='E-Mail*'\/><\/p><p class=\"hidden\"><input type=\"text\" name=\"avia_3_1\" class=\"hidden \" id=\"avia_3_1\" value=\"\" \/><\/p><p class=\"form_element form_element_third modified_width\"><input type=\"hidden\" value=\"1\" name=\"avia_generated_form1\" \/><input type=\"submit\" value=\"Subscribe\" class=\"button\"  data-sending-label=\"Envoi\"\/><\/p><\/fieldset><\/form><div id=\"ajaxresponse_1\" class=\"ajaxresponse ajaxresponse_1 hidden\"><\/div>\n<div  class='hr hr-full hr-no-shadow '><span class='hr-inner ' ><span class='hr-inner-style'><\/span><\/span><\/div>\n<form action=\"https:\/\/www.popap.fr\/index.php\/contact-form\/\" method=\"post\"  class=\"avia_ajax_form av-form-labels-visible   \" data-avia-form-id=\"2\" data-avia-redirect=''><fieldset><h3>Request Custom Work<\/h3><p class=' first_form  form_element form_element_half' id='element_avia_1_2'><label for=\"avia_1_2\">Name <abbr class=\"required\" title=\"requis\">*<\/abbr><\/label> <input name=\"avia_1_2\" class=\"text_input is_empty\" type=\"text\" id=\"avia_1_2\" value=\"\" \/><\/p><p class=' form_element form_element_half' id='element_avia_2_2'><label for=\"avia_2_2\">E-Mail <abbr class=\"required\" title=\"requis\">*<\/abbr><\/label> <input name=\"avia_2_2\" class=\"text_input is_email\" type=\"text\" id=\"avia_2_2\" value=\"\" \/><\/p><p class=' first_form  form_element form_element_half' id='element_avia_3_2'><label for=\"avia_3_2\">Date <abbr class=\"required\" title=\"requis\">*<\/abbr><\/label> <input name=\"avia_3_2\" class=\"avia_datepicker text_input is_empty\" type=\"text\" id=\"avia_3_2\" value=\"\" placeholder=\"DD \/ MM \/ YY\" \/><\/p><p class=' form_element form_element_half av-last-visible-form-element' id='element_avia_4_2'><label for=\"avia_4_2\">Budget<\/label> <select  name=\"avia_4_2\" class=\"select \" id=\"avia_4_2\"><option  value ='100-500'>100-500<\/option><option  value ='500-1000'>500-1000<\/option><option  value ='1000-5000'>1000-5000<\/option><option  value ='5000-15000'>5000-15000<\/option><\/select><\/p><p class=\"hidden\"><input type=\"text\" name=\"avia_5_2\" class=\"hidden \" id=\"avia_5_2\" value=\"\" \/><\/p><p class=\"form_element \"><input type=\"hidden\" value=\"1\" name=\"avia_generated_form2\" \/><input type=\"submit\" value=\"Request\" class=\"button\"  data-sending-label=\"Envoi\"\/><\/p><\/fieldset><\/form><div id=\"ajaxresponse_2\" class=\"ajaxresponse ajaxresponse_2 hidden\"><\/div>\n<div  class='hr hr-full hr-no-shadow '><span class='hr-inner ' ><span class='hr-inner-style'><\/span><\/span><\/div>\n<form action=\"https:\/\/www.popap.fr\/index.php\/contact-form\/\" method=\"post\"  class=\"avia_ajax_form av-form-labels-visible   \" data-avia-form-id=\"3\" data-avia-redirect=''><fieldset><h3>Send us mail<\/h3><p class=' first_form  form_element form_element_half' id='element_avia_1_3'><label for=\"avia_1_3\">Name <abbr class=\"required\" title=\"requis\">*<\/abbr><\/label> <input name=\"avia_1_3\" class=\"text_input is_empty\" type=\"text\" id=\"avia_1_3\" value=\"\" \/><\/p><p class=' form_element form_element_half' id='element_avia_2_3'><label for=\"avia_2_3\">E-Mail <abbr class=\"required\" title=\"requis\">*<\/abbr><\/label> <input name=\"avia_2_3\" class=\"text_input is_email\" type=\"text\" id=\"avia_2_3\" value=\"\" \/><\/p><p class=' first_form  form_element form_fullwidth' id='element_avia_3_3'><label for=\"avia_3_3\">Subject <abbr class=\"required\" title=\"requis\">*<\/abbr><\/label> <input name=\"avia_3_3\" class=\"text_input is_empty\" type=\"text\" id=\"avia_3_3\" value=\"\" \/><\/p><p class=' first_form  form_element form_fullwidth' id='element_avia_4_3'>\t <label for=\"avia_4_3\" class=\"textare_label hidden textare_label_avia_4_3\">Message <abbr class=\"required\" title=\"requis\">*<\/abbr><\/label>\t <textarea  name=\"avia_4_3\" class=\"text_area is_empty\" cols=\"40\" rows=\"7\" id=\"avia_4_3\" ><\/textarea><\/p><p class=' first_form  form_element form_element_half' id='element_avia_5_3'>    <input  name=\"avia_5_3\" class=\"input_checkbox is_empty\" type=\"checkbox\" id=\"avia_5_3\" value=\"true\"\/><label class=\"input_checkbox_label\" for=\"avia_5_3\">I have read and understood your reasonable terms <abbr class=\"required\" title=\"requis\">*<\/abbr><\/label><\/p><p class=\"hidden\"><input type=\"text\" name=\"avia_6_3\" class=\"hidden \" id=\"avia_6_3\" value=\"\" \/><\/p><p class='form_element_half' id='element_avia_7_3'>    <span class='value_verifier_label'>5 + 0 = ?<\/span>    <input name=\"avia_7_3_verifier\" type=\"hidden\" id=\"avia_7_3_verifier\" value=\"481857474\"\/><label for=\"avia_7_3\">Pour prouver que vous \u00eates un humain, donnez le r\u00e9sultat de cette simple op\u00e9ration <abbr class=\"required\" title=\"requis\">*<\/abbr><\/label>    <input name=\"avia_7_3\" class=\"text_input captcha\" type=\"text\" id=\"avia_7_3\" value=\"\"\/><\/p><p class=\"form_element \"><input type=\"hidden\" value=\"1\" name=\"avia_generated_form3\" \/><input type=\"submit\" value=\"Submit\" class=\"button\"  data-sending-label=\"Envoi\"\/><\/p><\/fieldset><\/form><div id=\"ajaxresponse_3\" class=\"ajaxresponse ajaxresponse_3 hidden\"><\/div>\n","protected":false},"excerpt":{"rendered":"","protected":false},"author":1,"featured_media":0,"parent":0,"menu_order":0,"comment_status":"closed","ping_status":"closed","template":"","meta":[],"yoast_head":"<!-- This site is optimized with the Yoast SEO plugin v15.3 - https:\/\/yoast.com\/wordpress\/plugins\/seo\/ -->\n<title>Contact Form - POP AP<\/title>\n<meta name=\"robots\" content=\"index, follow, max-snippet:-1, max-image-preview:large, max-video-preview:-1\" \/>\n<link rel=\"canonical\" href=\"https:\/\/www.popap.fr\/index.php\/contact-form\/\" \/>\n<meta property=\"og:locale\" content=\"fr_FR\" \/>\n<meta property=\"og:type\" content=\"article\" \/>\n<meta property=\"og:title\" content=\"Contact Form - POP AP\" \/>\n<meta property=\"og:url\" content=\"https:\/\/www.popap.fr\/index.php\/contact-form\/\" \/>\n<meta property=\"og:site_name\" content=\"POP AP\" \/>\n<meta name=\"twitter:card\" content=\"summary_large_image\" \/>\n<meta name=\"twitter:label1\" content=\"\u00c9crit par\">\n\t<meta name=\"twitter:data1\" content=\"andrea\">\n\t<meta name=\"twitter:label2\" content=\"Dur\u00e9e de lecture est.\">\n\t<meta name=\"twitter:data2\" content=\"3 minutes\">\n<script type=\"application\/ld+json\" class=\"yoast-schema-graph\">{\"@context\":\"https:\/\/schema.org\",\"@graph\":[{\"@type\":[\"Person\",\"Organization\"],\"@id\":\"https:\/\/www.popap.fr\/#\/schema\/person\/1b35b44cefd7538c5b9431ffd77241a1\",\"name\":\"andrea\",\"image\":{\"@type\":\"ImageObject\",\"@id\":\"https:\/\/www.popap.fr\/#personlogo\",\"inLanguage\":\"fr-FR\",\"url\":\"https:\/\/secure.gravatar.com\/avatar\/7488f28436650bb7e4fa5a5dd33df135?s=96&d=mm&r=g\",\"caption\":\"andrea\"},\"logo\":{\"@id\":\"https:\/\/www.popap.fr\/#personlogo\"}},{\"@type\":\"WebSite\",\"@id\":\"https:\/\/www.popap.fr\/#website\",\"url\":\"https:\/\/www.popap.fr\/\",\"name\":\"POP AP\",\"description\":\"Conseil en marketing et d\\u00e9veloppement pour Petites Entreprises\",\"publisher\":{\"@id\":\"https:\/\/www.popap.fr\/#\/schema\/person\/1b35b44cefd7538c5b9431ffd77241a1\"},\"potentialAction\":[{\"@type\":\"SearchAction\",\"target\":\"https:\/\/www.popap.fr\/?s={search_term_string}\",\"query-input\":\"required name=search_term_string\"}],\"inLanguage\":\"fr-FR\"},{\"@type\":\"WebPage\",\"@id\":\"https:\/\/www.popap.fr\/index.php\/contact-form\/#webpage\",\"url\":\"https:\/\/www.popap.fr\/index.php\/contact-form\/\",\"name\":\"Contact Form - POP AP\",\"isPartOf\":{\"@id\":\"https:\/\/www.popap.fr\/#website\"},\"datePublished\":\"2017-02-13T14:59:09+00:00\",\"dateModified\":\"2017-02-13T14:59:09+00:00\",\"inLanguage\":\"fr-FR\",\"potentialAction\":[{\"@type\":\"ReadAction\",\"target\":[\"https:\/\/www.popap.fr\/index.php\/contact-form\/\"]}]}]}<\/script>\n<!-- \/ Yoast SEO plugin. -->","_links":{"self":[{"href":"https:\/\/www.popap.fr\/index.php\/wp-json\/wp\/v2\/pages\/1331"}],"collection":[{"href":"https:\/\/www.popap.fr\/index.php\/wp-json\/wp\/v2\/pages"}],"about":[{"href":"https:\/\/www.popap.fr\/index.php\/wp-json\/wp\/v2\/types\/page"}],"author":[{"embeddable":true,"href":"https:\/\/www.popap.fr\/index.php\/wp-json\/wp\/v2\/users\/1"}],"replies":[{"embeddable":true,"href":"https:\/\/www.popap.fr\/index.php\/wp-json\/wp\/v2\/comments?post=1331"}],"version-history":[{"count":0,"href":"https:\/\/www.popap.fr\/index.php\/wp-json\/wp\/v2\/pages\/1331\/revisions"}],"wp:attachment":[{"href":"https:\/\/www.popap.fr\/index.php\/wp-json\/wp\/v2\/media?parent=1331"}],"curies":[{"name":"wp","href":"https:\/\/api.w.org\/{rel}","templated":true}]}}