{"id":1031,"date":"2017-02-09T13:31:32","date_gmt":"2017-02-09T13:31:32","guid":{"rendered":"http:\/\/test.kriesi.at\/enfold-2017\/?page_id=1031"},"modified":"2017-02-09T13:31:32","modified_gmt":"2017-02-09T13:31:32","slug":"blog-masonry","status":"publish","type":"page","link":"https:\/\/www.popap.fr\/index.php\/blog-2\/blog-masonry\/","title":{"rendered":"Blog Masonry"},"content":{"rendered":"<\/div><\/div><\/div><!-- close content main div --><\/div><\/div><div id='av_section_1' class='avia-section main_color avia-section-huge avia-no-shadow avia-full-stretch av-section-color-overlay-active avia-bg-style-scroll  container_wrap sidebar_right' style = 'background-repeat: no-repeat; background-image: url(https:\/\/www.popap.fr\/wp-content\/uploads\/2017\/02\/banner-news-alt.jpg); background-attachment: scroll; background-position: top center; ' data-section-bg-repeat='stretch' ><div class='av-section-color-overlay-wrap'><div class='av-section-color-overlay' style='opacity: 0.6; background-color: #000000; '><\/div><div class='container' ><div class='template-page content  av-content-small alpha units'><div class='post-entry post-entry-type-page post-entry-1031'><div class='entry-content-wrapper clearfix'>\n<div style='padding-bottom:0px;color:#ffffff;font-size:40px;' class='av-special-heading av-special-heading-h1 custom-color-heading blockquote modern-quote modern-centered  av-inherit-size'><h1 class='av-special-heading-tag'  itemprop=\"headline\"  >Latest News<br \/>\nEverything thats going on at Enfold is collected here<\/h1><div class='special-heading-border'><div class='special-heading-inner-border' style='border-color:#ffffff'><\/div><\/div><\/div>\n<div style=' margin-top:30px; margin-bottom:30px;'  class='hr hr-custom hr-center hr-icon-no '><span class='hr-inner   inner-border-av-border-fat' style=' width:50px; border-color:#ffffff;' ><span class='hr-inner-style'><\/span><\/span><\/div>\n<section class=\"av_textblock_section\"  itemscope=\"itemscope\" itemtype=\"https:\/\/schema.org\/CreativeWork\" ><div class='avia_textblock  av_inherit_color'  style='color:#dddddd; '  itemprop=\"text\" ><p style=\"text-align: center;\">Hey there! We are Enfold and we make really beautiful and amazing stuff.<br \/>\nThis can be used to describe what you do, how you do it, &amp; who you do it for.<\/p>\n<\/div><\/section>\n<\/div><\/div><\/div><!-- close content main div --><\/div><\/div><\/div><div id='after_section_1' class='main_color av_default_container_wrap container_wrap sidebar_right'   ><div class='container' ><div class='template-page content  av-content-small alpha units'><div class='post-entry post-entry-type-page post-entry-1031'><div class='entry-content-wrapper clearfix'>\n<div id='av-masonry-1' class='av-masonry noHover av-fixed-size av-large-gap av-hover-overlay-active av-masonry-col-3 av-caption-always av-caption-style-overlay '  ><div class='av-masonry-container isotope av-js-disabled ' ><div class='av-masonry-entry isotope-item av-masonry-item-no-image '><\/div><a href=\"https:\/\/www.popap.fr\/index.php\/2019\/01\/05\/pop-ap-conseil-kezako\/\" id='av-masonry-1-item-4626' data-av-masonry-item='4626' class='av-masonry-entry isotope-item post-4626 post type-post status-publish format-standard hentry category-non-classe  av-masonry-item-no-image' title=\"Pop AP Conseil &#8211; K\u00e9ZAKO ?\"  itemscope=\"itemscope\" itemtype=\"https:\/\/schema.org\/CreativeWork\" ><div class='av-inner-masonry-sizer'><\/div><figure class='av-inner-masonry main_color'><figcaption class='av-inner-masonry-content site-background'><div class='av-inner-masonry-content-pos'><div class='av-inner-masonry-content-pos-content'><div class='avia-arrow'><\/div><h3 class='av-masonry-entry-title entry-title'  itemprop=\"headline\" >Pop AP Conseil &#8211; K\u00e9ZAKO ?<\/h3><div class='av-masonry-entry-content entry-content'  itemprop=\"text\" >Pop AP Conseil met son expertise, sa m\u00e9thodologie, ses outils\u2026<\/div><span class='av-masonry-date meta-color updated'>5 janvier 2019<\/span><span class=\"av-masonry-text-sep text-sep-author\">\/<\/span><span class='av-masonry-author meta-color vcard author'><span class='fn'>par andrea<\/span><\/span><\/div><\/div><\/figcaption><\/figure><\/a><!--end av-masonry entry--><a href=\"https:\/\/www.popap.fr\/index.php\/2018\/09\/03\/immigration-entreprenariat\/\" id='av-masonry-1-item-4571' data-av-masonry-item='4571' class='av-masonry-entry isotope-item post-4571 post type-post status-publish format-standard hentry category-non-classe  av-masonry-item-no-image' title=\"IMMIGRATION &#038; ENTREPRENARIAT\"  itemscope=\"itemscope\" itemtype=\"https:\/\/schema.org\/CreativeWork\" ><div class='av-inner-masonry-sizer'><\/div><figure class='av-inner-masonry main_color'><figcaption class='av-inner-masonry-content site-background'><div class='av-inner-masonry-content-pos'><div class='av-inner-masonry-content-pos-content'><div class='avia-arrow'><\/div><h3 class='av-masonry-entry-title entry-title'  itemprop=\"headline\" >IMMIGRATION &#038; ENTREPRENARIAT<\/h3><div class='av-masonry-entry-content entry-content'  itemprop=\"text\" >En Allemagne, les entrepreneurs immigr\u00e9s ont cr\u00e9\u00e9 2 millions\u2026<\/div><span class='av-masonry-date meta-color updated'>3 septembre 2018<\/span><span class=\"av-masonry-text-sep text-sep-author\">\/<\/span><span class='av-masonry-author meta-color vcard author'><span class='fn'>par andrea<\/span><\/span><\/div><\/div><\/figcaption><\/figure><\/a><!--end av-masonry entry--><a href=\"https:\/\/www.popap.fr\/index.php\/2018\/04\/30\/small-business-week\/\" id='av-masonry-1-item-4522' data-av-masonry-item='4522' class='av-masonry-entry isotope-item post-4522 post type-post status-publish format-gallery hentry category-frontpage-article post_format-post-format-gallery  av-masonry-item-no-image' title=\"SMALL BUSINESS WEEK\"  itemscope=\"itemscope\" itemtype=\"https:\/\/schema.org\/CreativeWork\" ><div class='av-inner-masonry-sizer'><\/div><figure class='av-inner-masonry main_color'><figcaption class='av-inner-masonry-content site-background'><div class='av-inner-masonry-content-pos'><div class='av-inner-masonry-content-pos-content'><div class='avia-arrow'><\/div><span class='av-icon-display ' aria-hidden='true' data-av_icon='\ue80e' data-av_iconfont='entypo-fontello'><\/span><h3 class='av-masonry-entry-title entry-title'  itemprop=\"headline\" >SMALL BUSINESS WEEK<\/h3><div class='av-masonry-entry-content entry-content'  itemprop=\"text\" >YESSS !!!<br \/>\r\n<br \/>\r\nAux US,\u00a0 chaque ann\u00e9e depuis 1963, les Entrepreneurs\u2026<\/div><span class='av-masonry-date meta-color updated'>30 avril 2018<\/span><span class=\"av-masonry-text-sep text-sep-author\">\/<\/span><span class='av-masonry-author meta-color vcard author'><span class='fn'>par andrea<\/span><\/span><\/div><\/div><\/figcaption><\/figure><\/a><!--end av-masonry entry--><a href=\"https:\/\/www.popap.fr\/index.php\/2018\/03\/02\/nouvel-algorhytme-de-facebook-qui-penalise-votre-marque-sauf-si-vous-etes-malins\/\" id='av-masonry-1-item-4491' data-av-masonry-item='4491' class='av-masonry-entry isotope-item post-4491 post type-post status-publish format-standard hentry category-non-classe  av-masonry-item-no-image' title=\"NOUVEL ALGORHYTME DE FACEBOOK QUI P\u00c9NALISE VOTRE MARQUE &#8211; SAUF SI VOUS ETES MALINS\"  itemscope=\"itemscope\" itemtype=\"https:\/\/schema.org\/CreativeWork\" ><div class='av-inner-masonry-sizer'><\/div><figure class='av-inner-masonry main_color'><figcaption class='av-inner-masonry-content site-background'><div class='av-inner-masonry-content-pos'><div class='av-inner-masonry-content-pos-content'><div class='avia-arrow'><\/div><h3 class='av-masonry-entry-title entry-title'  itemprop=\"headline\" >NOUVEL ALGORHYTME DE FACEBOOK QUI P\u00c9NALISE VOTRE MARQUE &#8211; SAUF SI VOUS ETES MALINS<\/h3><span class='av-masonry-date meta-color updated'>2 mars 2018<\/span><span class=\"av-masonry-text-sep text-sep-author\">\/<\/span><span class='av-masonry-author meta-color vcard author'><span class='fn'>par andrea<\/span><\/span><\/div><\/div><\/figcaption><\/figure><\/a><!--end av-masonry entry--><a href=\"https:\/\/www.popap.fr\/index.php\/2018\/03\/01\/business-model-business-plan\/\" id='av-masonry-1-item-4489' data-av-masonry-item='4489' class='av-masonry-entry isotope-item post-4489 post type-post status-publish format-standard hentry category-non-classe  av-masonry-item-no-image' title=\"BUSINESS MODEL &#038; BUSINESS PLAN\"  itemscope=\"itemscope\" itemtype=\"https:\/\/schema.org\/CreativeWork\" ><div class='av-inner-masonry-sizer'><\/div><figure class='av-inner-masonry main_color'><figcaption class='av-inner-masonry-content site-background'><div class='av-inner-masonry-content-pos'><div class='av-inner-masonry-content-pos-content'><div class='avia-arrow'><\/div><h3 class='av-masonry-entry-title entry-title'  itemprop=\"headline\" >BUSINESS MODEL &#038; BUSINESS PLAN<\/h3><div class='av-masonry-entry-content entry-content'  itemprop=\"text\" >Vous \u00eates nombreux \u00e0 me demander : mais quelle diff\u00e9rence\u2026<\/div><span class='av-masonry-date meta-color updated'>1 mars 2018<\/span><span class=\"av-masonry-text-sep text-sep-author\">\/<\/span><span class='av-masonry-author meta-color vcard author'><span class='fn'>par andrea<\/span><\/span><\/div><\/div><\/figcaption><\/figure><\/a><!--end av-masonry entry--><a href=\"https:\/\/www.popap.fr\/index.php\/2017\/09\/25\/horlogerie-ancienne-une-entreprise-rare-dont-le-business-nest-pas-menacee-par-les-dernieres-innovations\/\" id='av-masonry-1-item-421' data-av-masonry-item='421' class='av-masonry-entry isotope-item post-421 post type-post status-publish format-standard hentry category-non-classe  av-masonry-item-no-image' title=\"\u00ab HORLOGERIE ANCIENNE \u00bb &#8211; UNE ENTREPRISE RARE DONT LE BUSINESS N\u2019EST PAS MENACE PAR LES DERNIERES INNOVATIONS\"  itemscope=\"itemscope\" itemtype=\"https:\/\/schema.org\/CreativeWork\" ><div class='av-inner-masonry-sizer'><\/div><figure class='av-inner-masonry main_color'><figcaption class='av-inner-masonry-content site-background'><div class='av-inner-masonry-content-pos'><div class='av-inner-masonry-content-pos-content'><div class='avia-arrow'><\/div><h3 class='av-masonry-entry-title entry-title'  itemprop=\"headline\" >\u00ab HORLOGERIE ANCIENNE \u00bb &#8211; UNE ENTREPRISE RARE DONT LE BUSINESS N\u2019EST PAS MENACE PAR LES DERNIERES INNOVATIONS<\/h3><div class='av-masonry-entry-content entry-content'  itemprop=\"text\" >&nbsp;<br \/>\r\n<br \/>\r\n&nbsp;<br \/>\r\n<br \/>\r\n&nbsp;<br \/>\r\n<br \/>\r\n&nbsp;<br \/>\r\n<br \/>\r\n&nbsp;<br \/>\r\n<br \/>\r\nUn beau\u2026<\/div><span class='av-masonry-date meta-color updated'>25 septembre 2017<\/span><span class=\"av-masonry-text-sep text-sep-author\">\/<\/span><span class='av-masonry-author meta-color vcard author'><span class='fn'>par andrea<\/span><\/span><\/div><\/div><\/figcaption><\/figure><\/a><!--end av-masonry entry--><\/div><a class='av-masonry-pagination av-masonry-load-more' href='#load-more'  data-ids=''  data-action=''  data-link='category'  data-post_type='post, page, attachment, revision, nav_menu_item, custom_css, customize_changeset, oembed_cache, user_request, wp_block, pf_contact, portfolio, avia_framework_post'  data-items='6'  data-size='fixed'  data-gap='large'  data-overlay_fx='active'  data-offset='0'  data-container_links='1'  data-container_class=''  data-paginate='load_more'  data-caption_elements='title excerpt'  data-caption_display='always'  data-caption_styling='overlay'  data-sort='no'  data-columns='3'  data-auto_ratio='1.7'  data-set_breadcrumb='1'  data-custom_markup=''  data-query_orderby='date'  data-query_order='DESC'  data-color=''  data-custom_bg=''  data-taxonomy='category'  data-categories='34,35,16,1,17,18'  data-avno='bcef40e4a5'>Charger plus<\/a><\/div>\n","protected":false},"excerpt":{"rendered":"","protected":false},"author":1,"featured_media":0,"parent":3039,"menu_order":0,"comment_status":"closed","ping_status":"closed","template":"","meta":[],"yoast_head":"<!-- This site is optimized with the Yoast SEO plugin v15.3 - https:\/\/yoast.com\/wordpress\/plugins\/seo\/ -->\n<title>Blog Masonry - POP AP<\/title>\n<meta name=\"robots\" content=\"index, follow, max-snippet:-1, max-image-preview:large, max-video-preview:-1\" \/>\n<link rel=\"canonical\" href=\"https:\/\/www.popap.fr\/index.php\/blog-2\/blog-masonry\/\" \/>\n<meta property=\"og:locale\" content=\"fr_FR\" \/>\n<meta property=\"og:type\" content=\"article\" \/>\n<meta property=\"og:title\" content=\"Blog Masonry - POP AP\" \/>\n<meta property=\"og:url\" content=\"https:\/\/www.popap.fr\/index.php\/blog-2\/blog-masonry\/\" \/>\n<meta property=\"og:site_name\" content=\"POP AP\" \/>\n<meta name=\"twitter:card\" content=\"summary_large_image\" \/>\n<meta name=\"twitter:label1\" content=\"\u00c9crit par\">\n\t<meta name=\"twitter:data1\" content=\"andrea\">\n\t<meta name=\"twitter:label2\" content=\"Dur\u00e9e de lecture est.\">\n\t<meta name=\"twitter:data2\" content=\"1 minute\">\n<script type=\"application\/ld+json\" class=\"yoast-schema-graph\">{\"@context\":\"https:\/\/schema.org\",\"@graph\":[{\"@type\":[\"Person\",\"Organization\"],\"@id\":\"https:\/\/www.popap.fr\/#\/schema\/person\/1b35b44cefd7538c5b9431ffd77241a1\",\"name\":\"andrea\",\"image\":{\"@type\":\"ImageObject\",\"@id\":\"https:\/\/www.popap.fr\/#personlogo\",\"inLanguage\":\"fr-FR\",\"url\":\"https:\/\/secure.gravatar.com\/avatar\/7488f28436650bb7e4fa5a5dd33df135?s=96&d=mm&r=g\",\"caption\":\"andrea\"},\"logo\":{\"@id\":\"https:\/\/www.popap.fr\/#personlogo\"}},{\"@type\":\"WebSite\",\"@id\":\"https:\/\/www.popap.fr\/#website\",\"url\":\"https:\/\/www.popap.fr\/\",\"name\":\"POP AP\",\"description\":\"Conseil en marketing et d\\u00e9veloppement pour Petites Entreprises\",\"publisher\":{\"@id\":\"https:\/\/www.popap.fr\/#\/schema\/person\/1b35b44cefd7538c5b9431ffd77241a1\"},\"potentialAction\":[{\"@type\":\"SearchAction\",\"target\":\"https:\/\/www.popap.fr\/?s={search_term_string}\",\"query-input\":\"required name=search_term_string\"}],\"inLanguage\":\"fr-FR\"},{\"@type\":\"WebPage\",\"@id\":\"https:\/\/www.popap.fr\/index.php\/blog-2\/blog-masonry\/#webpage\",\"url\":\"https:\/\/www.popap.fr\/index.php\/blog-2\/blog-masonry\/\",\"name\":\"Blog Masonry - POP AP\",\"isPartOf\":{\"@id\":\"https:\/\/www.popap.fr\/#website\"},\"datePublished\":\"2017-02-09T13:31:32+00:00\",\"dateModified\":\"2017-02-09T13:31:32+00:00\",\"inLanguage\":\"fr-FR\",\"potentialAction\":[{\"@type\":\"ReadAction\",\"target\":[\"https:\/\/www.popap.fr\/index.php\/blog-2\/blog-masonry\/\"]}]}]}<\/script>\n<!-- \/ Yoast SEO plugin. -->","_links":{"self":[{"href":"https:\/\/www.popap.fr\/index.php\/wp-json\/wp\/v2\/pages\/1031"}],"collection":[{"href":"https:\/\/www.popap.fr\/index.php\/wp-json\/wp\/v2\/pages"}],"about":[{"href":"https:\/\/www.popap.fr\/index.php\/wp-json\/wp\/v2\/types\/page"}],"author":[{"embeddable":true,"href":"https:\/\/www.popap.fr\/index.php\/wp-json\/wp\/v2\/users\/1"}],"replies":[{"embeddable":true,"href":"https:\/\/www.popap.fr\/index.php\/wp-json\/wp\/v2\/comments?post=1031"}],"version-history":[{"count":0,"href":"https:\/\/www.popap.fr\/index.php\/wp-json\/wp\/v2\/pages\/1031\/revisions"}],"up":[{"embeddable":true,"href":"https:\/\/www.popap.fr\/index.php\/wp-json\/wp\/v2\/pages\/3039"}],"wp:attachment":[{"href":"https:\/\/www.popap.fr\/index.php\/wp-json\/wp\/v2\/media?parent=1031"}],"curies":[{"name":"wp","href":"https:\/\/api.w.org\/{rel}","templated":true}]}}